{"id":4644,"date":"2024-04-06T22:24:45","date_gmt":"2024-04-06T22:24:45","guid":{"rendered":"https:\/\/mc3tahiti.com\/?page_id=4644"},"modified":"2024-04-06T22:24:48","modified_gmt":"2024-04-06T22:24:48","slug":"dmca","status":"publish","type":"page","link":"https:\/\/mc3castellani.com\/fr\/dmca\/","title":{"rendered":"DMCA"},"content":{"rendered":"<p>\nBienvenue \u00e0   https:\/\/mc3castellani.com  (le &#8220;Site&#8221; ). Nous respectons les droits de propri\u00e9t\u00e9 intellectuelle d\u2019autrui tout comme nous attendons des autres qu\u2019ils respectent nos droits. Conform\u00e9ment au Digital Millennium Copyright Act, titre 17 du Code des \u00c9tats-Unis, section 512 (c), un titulaire de droits d\u2019auteur ou son agent peut nous soumettre un avis de retrait via notre agent DMCA r\u00e9pertori\u00e9 ci-dessous. En tant que fournisseur de services Internet, nous sommes en droit de r\u00e9clamer l\u2019immunit\u00e9 contre lesdites r\u00e9clamations pour violation conform\u00e9ment aux dispositions de la &#8220;sph\u00e8re de s\u00e9curit\u00e9&#8221; du DMCA. Pour nous soumettre une r\u00e9clamation pour violation de bonne foi, vous devez nous soumettre l\u2019avis qui \u00e9nonce les informations suivantes:\n<\/p>\n<p><strong>Avis de contrefa\u00e7on \u2013 R\u00e9clamation<\/strong><\/p>\n<p>\n\t<ol>\n\t\t<li>Une signature physique ou \u00e9lectronique du titulaire du droit d\u2019auteur (ou d\u2019une personne autoris\u00e9e \u00e0 agir au nom du propri\u00e9taire);<\/li>\n\t\t<li>Identification de l\u2019\u0153uvre prot\u00e9g\u00e9e par le droit d\u2019auteur dont il est all\u00e9gu\u00e9 qu\u2019elle a \u00e9t\u00e9 viol\u00e9e;<\/li>\n\t\t<li>Identification du mat\u00e9riel contrefait \u00e0 supprimer et informations raisonnablement suffisantes pour permettre au fournisseur de services de localiser le mat\u00e9riel. [Veuillez soumettre l\u2019URL de la page en question pour nous aider \u00e0 identifier l\u2019\u0153uvre pr\u00e9tendument incrimin\u00e9e];<\/li>\n\t\t<li>Informations raisonnablement suffisantes pour permettre au fournisseur de services de contacter la partie plaignante, y compris votre nom, votre adresse physique, votre adresse e-mail, votre num\u00e9ro de t\u00e9l\u00e9phone et votre num\u00e9ro de fax;<\/li>\n\t\t<li>Une d\u00e9claration selon laquelle la partie plaignante croit de bonne foi que l\u2019utilisation du mat\u00e9riel n\u2019est pas autoris\u00e9e par l\u2019agent des droits d\u2019auteur; et<\/li>\n\t\t<li>Une d\u00e9claration selon laquelle les informations contenues dans la notification sont exactes et, sous peine de parjure, que la partie plaignante est autoris\u00e9e \u00e0 agir au nom du titulaire du droit d\u2019auteur.<\/li>\n\t<\/ol>\n<\/p>\n<p>Le titre 17 USC \u00a7512(f) pr\u00e9voit des sanctions civiles en dommages-int\u00e9r\u00eats, y compris les frais et honoraires d\u2019avocat, contre toute personne qui d\u00e9forme sciemment et mat\u00e9riellement certaines informations dans une notification de violation en vertu de l\u2019article 17 USC \u00a7512 (c) (3).<\/p>\n<p>Envoyez tous les avis de retrait via notre page Contact. S\u2019il vous pla\u00eet envoyer par e-mail pour une attention rapide.<\/p>\n<p>Veuillez noter que nous pouvons partager l\u2019identit\u00e9 et les informations dans toute r\u00e9clamation pour violation du droit d\u2019auteur que nous recevons avec le contrefacteur pr\u00e9sum\u00e9. En soumettant une r\u00e9clamation, vous comprenez accepter et accepter que votre identit\u00e9 et votre r\u00e9clamation puissent \u00eatre communiqu\u00e9es au contrefacteur pr\u00e9sum\u00e9.<\/p>\n<p><strong>Contre-notification \u2013 Restauration du mat\u00e9riel<\/strong><\/p>\n<p>Si vous avez re\u00e7u un avis de retrait de mat\u00e9riel en raison d\u2019une r\u00e9clamation pour violation du droit d\u2019auteur, vous pouvez nous fournir une contre-notification dans le but de restaurer le mat\u00e9riel en question sur le site. Cette notification doit \u00eatre donn\u00e9e par \u00e9crit \u00e0 notre agent DMCA et doit contenir essentiellement les \u00e9l\u00e9ments suivants conform\u00e9ment \u00e0 l\u2019article 17 USC Section 512 (g) (3):<\/p>\n<p>\n\t<ol>\n\t\t<li>Votre signature physique ou \u00e9lectronique.<\/li>\n\t\t<li>Une description du mat\u00e9riau qui a \u00e9t\u00e9 retir\u00e9 et l\u2019emplacement d\u2019origine du mat\u00e9riau avant qu\u2019il ne soit retir\u00e9<\/li>\n\t\t<li>Une d\u00e9claration sous peine de parjure selon laquelle vous croyez de bonne foi que le mat\u00e9riel a \u00e9t\u00e9 supprim\u00e9 ou d\u00e9sactiv\u00e9 \u00e0 la suite d\u2019une erreur ou d\u2019une mauvaise identification du mat\u00e9riel \u00e0 supprimer ou \u00e0 d\u00e9sactiver.<\/li>\n\t\t<li>Votre nom, votre adresse et votre num\u00e9ro de t\u00e9l\u00e9phone, ainsi qu\u2019une d\u00e9claration indiquant que vous consentez \u00e0 la comp\u00e9tence du tribunal f\u00e9d\u00e9ral de district pour le district judiciaire dans lequel l\u2019adresse est situ\u00e9e (ou si vous \u00eates en dehors des \u00c9tats-Unis, que vous consentez \u00e0 la comp\u00e9tence de tout district judiciaire dans lequel le fournisseur de services peut \u00eatre trouv\u00e9),  et que vous accepterez la signification de la proc\u00e9dure de la personne ou de l\u2019entreprise qui a fourni la notification d\u2019infraction initiale.<\/li>\n\t\t<li>Envoyez votre avis de comptoir via notre page Contact. Le courrier \u00e9lectronique est fortement recommand\u00e9.<\/li>\n\t<\/ol>\n<\/p>\n<p><strong>Politique sur les contrevenants r\u00e9cidivistes<\/strong><\/p>\n<p>Nous prenons tr\u00e8s au s\u00e9rieux la violation du droit d\u2019auteur. Conform\u00e9ment aux exigences de la politique de contrefa\u00e7on r\u00e9p\u00e9t\u00e9e du Digital Millennium Copyright Act, nous tenons \u00e0 jour une liste d\u2019avis DMCA des d\u00e9tenteurs de droits d\u2019auteur et faisons un effort de bonne foi pour identifier les contrevenants r\u00e9cidivistes. Ceux qui enfreignent notre politique interne en mati\u00e8re de r\u00e9cidive de contrefa\u00e7on verront leur compte r\u00e9sili\u00e9.<\/p>\n<p><strong>Modifications<\/strong><\/p>\n<p>Nous nous r\u00e9servons le droit de modifier le contenu de cette page et sa politique de traitement des r\u00e9clamations DMCA \u00e0 tout moment et pour quelque raison que ce soit. Nous vous encourageons \u00e0 revenir fr\u00e9quemment sur cette politique pour tout changement.<\/p>\n<p><strong>Contactez-nous<\/strong><\/p>\n<p>If you have any questions about this Privacy Policy, please contact us at  direction@mc3castellani.com <\/p>\n<hr \/>\n<p>Derni\u00e8re mise \u00e0 jour\u00a0: April 6, 2024<\/p>","protected":false},"excerpt":{"rendered":"<p>Bienvenue \u00e0 https:\/\/mc3castellani.com (le &#8220;Site&#8221; ). Nous respectons les droits de propri\u00e9t\u00e9 intellectuelle d\u2019autrui tout comme nous attendons des autres qu\u2019ils respectent nos droits. Conform\u00e9ment au Digital Millennium Copyright Act, titre 17 du Code des \u00c9tats-Unis, section 512 (c), un titulaire de droits d\u2019auteur ou son agent peut nous soumettre un avis de retrait via [&#8230;]\n","protected":false},"author":1,"featured_media":0,"parent":0,"menu_order":0,"comment_status":"closed","ping_status":"closed","template":"","meta":{"nf_dc_page":"","om_disable_all_campaigns":false,"_monsterinsights_skip_tracking":false,"_monsterinsights_sitenote_active":false,"_monsterinsights_sitenote_note":"","_monsterinsights_sitenote_category":0,"footnotes":""},"class_list":["post-4644","page","type-page","status-publish","hentry"],"aioseo_notices":[],"jetpack_sharing_enabled":true,"jetpack_likes_enabled":true,"_links":{"self":[{"href":"https:\/\/mc3castellani.com\/fr\/wp-json\/wp\/v2\/pages\/4644","targetHints":{"allow":["GET"]}}],"collection":[{"href":"https:\/\/mc3castellani.com\/fr\/wp-json\/wp\/v2\/pages"}],"about":[{"href":"https:\/\/mc3castellani.com\/fr\/wp-json\/wp\/v2\/types\/page"}],"author":[{"embeddable":true,"href":"https:\/\/mc3castellani.com\/fr\/wp-json\/wp\/v2\/users\/1"}],"replies":[{"embeddable":true,"href":"https:\/\/mc3castellani.com\/fr\/wp-json\/wp\/v2\/comments?post=4644"}],"version-history":[{"count":2,"href":"https:\/\/mc3castellani.com\/fr\/wp-json\/wp\/v2\/pages\/4644\/revisions"}],"predecessor-version":[{"id":4646,"href":"https:\/\/mc3castellani.com\/fr\/wp-json\/wp\/v2\/pages\/4644\/revisions\/4646"}],"wp:attachment":[{"href":"https:\/\/mc3castellani.com\/fr\/wp-json\/wp\/v2\/media?parent=4644"}],"curies":[{"name":"wp","href":"https:\/\/api.w.org\/{rel}","templated":true}]}}