{"id":4654,"date":"2024-04-15T20:50:53","date_gmt":"2024-04-15T20:50:53","guid":{"rendered":"https:\/\/mc3tahiti.com\/?page_id=4654"},"modified":"2024-10-24T15:59:54","modified_gmt":"2024-10-25T01:59:54","slug":"livraison-et-retours","status":"publish","type":"page","link":"https:\/\/mc3castellani.com\/fr\/livraison-et-retours\/","title":{"rendered":"LIVRAISON ET RETOURS"},"content":{"rendered":"<section class=\"section dark\" id=\"section_1981255072\">\n\t\t<div class=\"section-bg fill\" >\n\t\t\t\t\t\t\t\t\t\n\t\t\t\n\n\t\t<\/div>\n\n\t\t\n\n\t\t<div class=\"section-content relative\">\n\t\t\t\n\n<div class=\"row row-full-width\"  id=\"row-169907520\">\n\n\n\t<div id=\"col-212488671\" class=\"col small-12 large-12\"  >\n\t\t\t\t<div class=\"col-inner\"  >\n\t\t\t\n\t\t\t\n\n  <div id=\"page-header-738539844\" class=\"page-header-wrapper\">\n  <div class=\"page-title dark featured-title\">\n\n        <div class=\"page-title-bg\">\n      <div class=\"title-bg fill bg-fill\"\n        data-parallax-container=\".page-title\"\n        data-parallax-background\n data-parallax=\"-\">\n      <\/div>\n      <div class=\"title-overlay fill\"><\/div>\n    <\/div>\n    \n    <div class=\"page-title-inner container align-center text-center flex-row-col medium-flex-wrap\" >\n              <div class=\"title-wrapper flex-col\">\n          <h1 class=\"entry-title mb-0\">\n            LIVRAISON ET RETOURS          <\/h1>\n        <\/div>\n                    <div class=\"title-content flex-col\">\n        <ul class=\"nav sm-touch-scroll nav-line nav-uppercase text-center nav-center\"><li class=\"nav-single-page hidden\"><\/li><\/ul>      <\/div>\n    <\/div>\n\n     \n<style>\n#page-header-738539844 .page-title-inner {\n  min-height: 300px;\n}\n#page-header-738539844 .title-bg {\n  background-image: url(https:\/\/mc3castellani.com\/wp-content\/uploads\/2024\/06\/1000018271.jpg);\n  background-position: 57% 79%;\n}\n<\/style>\n  <\/div>\n    <\/div>\n  \n\n<div class=\"row align-center\"  id=\"row-2072711396\">\n\n\n\t<div id=\"col-110149578\" class=\"col medium-11 small-10 large-11\"  >\n\t\t\t\t<div class=\"col-inner text-center\"  >\n\t\t\t\n\t\t\t\n\n<div class=\"container section-title-container\" style=\"margin-bottom:0px;max-width:80%;\"><h3 class=\"section-title section-title-center\"><b aria-hidden=\"true\"><\/b><span class=\"section-title-main\" style=\"font-size:98%;color:rgb(0, 0, 0);\">SHIPPING &amp; RETURNS<\/span><b aria-hidden=\"true\"><\/b><\/h3><\/div>\n\n\t<div id=\"text-2611680415\" class=\"text\">\n\t\t\n\n<h2>Pour vous faciliter la vie!<\/h2>\n\t\t\n<style>\n#text-2611680415 {\n  color: rgb(0, 0, 0);\n}\n#text-2611680415 > * {\n  color: rgb(0, 0, 0);\n}\n<\/style>\n\t<\/div>\n\t\n\t<div id=\"gap-2045909746\" class=\"gap-element clearfix\" style=\"display:block; height:auto;\">\n\t\t\n<style>\n#gap-2045909746 {\n  padding-top: 40px;\n}\n<\/style>\n\t<\/div>\n\t\n\n<div class=\"row\"  id=\"row-1147978827\">\n\n\n\t<div id=\"col-906250121\" class=\"col medium-4 small-12 large-4\"  >\n\t\t\t\t<div class=\"col-inner\"  >\n\t\t\t\n\t\t\t\n\n\t<div id=\"text-3578261683\" class=\"text\">\n\t\t\n\n<h6 style=\"font-size: 300%;\">1<\/h6>\n<h3>R\u00e9cup\u00e9ration \u00e0 notre atelier<\/h3>\n<p>Nos horaires d'ouverture:\n- Lundi \u00e0 jeudi de 7h \u00e0 12h et 13h \u00e0 16h30\n- Vendredi de 7h \u00e0 12h<\/p>\n<p>Zone Industrielle de la Punaruu, Voie C, Hangar 4 &amp; 5<\/p>\n\t\t\n<style>\n#text-3578261683 {\n  color: rgb(0,0,0);\n}\n#text-3578261683 > * {\n  color: rgb(0,0,0);\n}\n<\/style>\n\t<\/div>\n\t\n\n\t\t<\/div>\n\t\t\t\t\t<\/div>\n\n\t\n\n\t<div id=\"col-33319850\" class=\"col medium-4 small-12 large-4\"  >\n\t\t\t\t<div class=\"col-inner\"  >\n\t\t\t\n\t\t\t\n\n\t<div id=\"text-2959401853\" class=\"text\">\n\t\t\n\n<h6 style=\"font-size: 300%;\">2<\/h6>\n<h3>Livraison en Polyn\u00e9sie Fran\u00e7aise<\/h3>\n<p>Taux fixe de 2 500 XPF pour les commandes disponibles \u00e0 l'exp\u00e9dition.<\/p>\n\t\t\n<style>\n#text-2959401853 {\n  color: rgb(0,0,0);\n}\n#text-2959401853 > * {\n  color: rgb(0,0,0);\n}\n<\/style>\n\t<\/div>\n\t\n\n\t\t<\/div>\n\t\t\t\t\t<\/div>\n\n\t\n\n\t<div id=\"col-798058361\" class=\"col medium-4 small-12 large-4\"  >\n\t\t\t\t<div class=\"col-inner\"  >\n\t\t\t\n\t\t\t\n\n\t<div id=\"text-2632531005\" class=\"text\">\n\t\t\n\n<h6 style=\"font-size: 300%;\">3<\/h6>\n<h3>Reste du Monde<\/h3>\n<p>Taux fixe de 5 800 XPF pour les commandes disponibles \u00e0 l'exp\u00e9dition.<\/p>\n\t\t\n<style>\n#text-2632531005 {\n  color: rgb(0, 0, 0);\n}\n#text-2632531005 > * {\n  color: rgb(0, 0, 0);\n}\n<\/style>\n\t<\/div>\n\t\n\n\t\t<\/div>\n\t\t\t\t\t<\/div>\n\n\t\n\n<\/div>\n\n\t\t<\/div>\n\t\t\t\t\n<style>\n#col-110149578 > .col-inner {\n  padding: 50px 0px 10px 0px;\n  margin: 0px 0px -10px 0px;\n}\n<\/style>\n\t<\/div>\n\n\t\n\n<\/div>\n\n\t\t<\/div>\n\t\t\t\t\t<\/div>\n\n\t\n\n<\/div>\n\n\t\t<\/div>\n\n\t\t\n<style>\n#section_1981255072 {\n  padding-top: 60px;\n  padding-bottom: 60px;\n  background-color: rgb(255, 255, 255);\n}\n<\/style>\n\t<\/section>","protected":false},"excerpt":{"rendered":"","protected":false},"author":1,"featured_media":0,"parent":0,"menu_order":0,"comment_status":"closed","ping_status":"closed","template":"","meta":{"nf_dc_page":"","om_disable_all_campaigns":false,"_monsterinsights_skip_tracking":false,"_monsterinsights_sitenote_active":false,"_monsterinsights_sitenote_note":"","_monsterinsights_sitenote_category":0,"footnotes":""},"class_list":["post-4654","page","type-page","status-publish","hentry"],"aioseo_notices":[],"jetpack_sharing_enabled":true,"jetpack_likes_enabled":true,"_links":{"self":[{"href":"https:\/\/mc3castellani.com\/fr\/wp-json\/wp\/v2\/pages\/4654","targetHints":{"allow":["GET"]}}],"collection":[{"href":"https:\/\/mc3castellani.com\/fr\/wp-json\/wp\/v2\/pages"}],"about":[{"href":"https:\/\/mc3castellani.com\/fr\/wp-json\/wp\/v2\/types\/page"}],"author":[{"embeddable":true,"href":"https:\/\/mc3castellani.com\/fr\/wp-json\/wp\/v2\/users\/1"}],"replies":[{"embeddable":true,"href":"https:\/\/mc3castellani.com\/fr\/wp-json\/wp\/v2\/comments?post=4654"}],"version-history":[{"count":5,"href":"https:\/\/mc3castellani.com\/fr\/wp-json\/wp\/v2\/pages\/4654\/revisions"}],"predecessor-version":[{"id":5194,"href":"https:\/\/mc3castellani.com\/fr\/wp-json\/wp\/v2\/pages\/4654\/revisions\/5194"}],"wp:attachment":[{"href":"https:\/\/mc3castellani.com\/fr\/wp-json\/wp\/v2\/media?parent=4654"}],"curies":[{"name":"wp","href":"https:\/\/api.w.org\/{rel}","templated":true}]}}