{"id":3902,"date":"2023-09-29T13:23:46","date_gmt":"2023-09-29T23:23:46","guid":{"rendered":"https:\/\/mc3creation.com\/?post_type=product&#038;p=3902"},"modified":"2025-12-08T07:02:28","modified_gmt":"2025-12-08T17:02:28","slug":"tribal-christmas-tree-ornament","status":"publish","type":"product","link":"https:\/\/mc3castellani.com\/fr\/produit\/tribal-christmas-tree-ornament\/","title":{"rendered":"Ornement \u00e0 suspendre &#8220;ANGEL&#8221;"},"content":{"rendered":"<p>&#8211; D\u00e9corations uniques, con\u00e7ues et fabriqu\u00e9es \u00e0 Tahiti. Chaque d\u00e9coration arbore des motifs polyn\u00e9siens, ajoutant une touche de charme tropical \u00e0 vos festivit\u00e9s.<\/p>\n<p>&#8211; Explorez notre collection et impr\u00e9gnez vos c\u00e9l\u00e9brations de l&#8217;esprit de Tahiti et ses \u00eeles!<\/p>\n<p>Dimensions : De 6 \u00e0 11 cm suivant les mod\u00e8les.<\/p>","protected":false},"excerpt":{"rendered":"<p>Ornement de No\u00ebl tropical<\/p>\n<p>Dimensions: de 6 \u00e0 11 cm suivant les mod\u00e8les<\/p>","protected":false},"featured_media":4086,"comment_status":"open","ping_status":"closed","template":"","meta":{"nf_dc_page":"","om_disable_all_campaigns":false,"_monsterinsights_skip_tracking":false,"_monsterinsights_sitenote_active":false,"_monsterinsights_sitenote_note":"","_monsterinsights_sitenote_category":0,"jetpack_publicize_message":"","jetpack_publicize_feature_enabled":true,"jetpack_social_post_already_shared":false,"jetpack_social_options":{"image_generator_settings":{"template":"highway","default_image_id":0,"font":"","enabled":false},"version":2}},"product_brand":[],"product_cat":[151],"product_tag":[149,150],"class_list":{"0":"post-3902","1":"product","2":"type-product","3":"status-publish","4":"has-post-thumbnail","6":"product_cat-christmas-ornaments","7":"product_tag-christmas","8":"product_tag-ornaments","10":"first","11":"instock","12":"taxable","13":"shipping-taxable","14":"purchasable","15":"product-type-variable"},"aioseo_notices":[],"jetpack_publicize_connections":[],"jetpack_sharing_enabled":true,"jetpack_likes_enabled":true,"wcpa_form_fields":null,"_links":{"self":[{"href":"https:\/\/mc3castellani.com\/fr\/wp-json\/wp\/v2\/product\/3902","targetHints":{"allow":["GET"]}}],"collection":[{"href":"https:\/\/mc3castellani.com\/fr\/wp-json\/wp\/v2\/product"}],"about":[{"href":"https:\/\/mc3castellani.com\/fr\/wp-json\/wp\/v2\/types\/product"}],"replies":[{"embeddable":true,"href":"https:\/\/mc3castellani.com\/fr\/wp-json\/wp\/v2\/comments?post=3902"}],"wp:featuredmedia":[{"embeddable":true,"href":"https:\/\/mc3castellani.com\/fr\/wp-json\/wp\/v2\/media\/4086"}],"wp:attachment":[{"href":"https:\/\/mc3castellani.com\/fr\/wp-json\/wp\/v2\/media?parent=3902"}],"wp:term":[{"taxonomy":"product_brand","embeddable":true,"href":"https:\/\/mc3castellani.com\/fr\/wp-json\/wp\/v2\/product_brand?post=3902"},{"taxonomy":"product_cat","embeddable":true,"href":"https:\/\/mc3castellani.com\/fr\/wp-json\/wp\/v2\/product_cat?post=3902"},{"taxonomy":"product_tag","embeddable":true,"href":"https:\/\/mc3castellani.com\/fr\/wp-json\/wp\/v2\/product_tag?post=3902"}],"curies":[{"name":"wp","href":"https:\/\/api.w.org\/{rel}","templated":true}]}}