{"id":4040,"date":"2023-10-06T14:15:03","date_gmt":"2023-10-07T00:15:03","guid":{"rendered":"https:\/\/mc3creation.com\/?post_type=product&#038;p=4040"},"modified":"2025-11-24T17:03:41","modified_gmt":"2025-11-25T03:03:41","slug":"mana-hibiscus-ornament","status":"publish","type":"product","link":"https:\/\/mc3castellani.com\/fr\/produit\/mana-hibiscus-ornament\/","title":{"rendered":"Ornement \u00e0 suspendre &#8220;MANA HIBISCUS&#8221;"},"content":{"rendered":"<p>&#8211; D\u00e9corations uniques, con\u00e7ues et fabriqu\u00e9es \u00e0 Tahiti. Chaque d\u00e9coration arbore des motifs polyn\u00e9siens, ajoutant une touche de charme tropical \u00e0 vos festivit\u00e9s.<\/p>\n<p>&#8211; Explorez notre collection et impr\u00e9gnez vos c\u00e9l\u00e9brations de l&#8217;esprit de Tahiti et ses \u00eeles!<\/p>\n<p>Dimension : 6,5 cm<\/p>","protected":false},"excerpt":{"rendered":"<p>Ornement tropical \u00e0 suspendre<\/p>\n<p>Dimensions: 6.5cm<\/p>","protected":false},"featured_media":4105,"comment_status":"open","ping_status":"closed","template":"","meta":{"nf_dc_page":"","om_disable_all_campaigns":false,"_monsterinsights_skip_tracking":false,"_monsterinsights_sitenote_active":false,"_monsterinsights_sitenote_note":"","_monsterinsights_sitenote_category":0,"jetpack_publicize_message":"","jetpack_publicize_feature_enabled":true,"jetpack_social_post_already_shared":false,"jetpack_social_options":{"image_generator_settings":{"template":"highway","default_image_id":0,"font":"","enabled":false},"version":2}},"product_brand":[],"product_cat":[151],"product_tag":[149,152,150],"class_list":{"0":"post-4040","1":"product","2":"type-product","3":"status-publish","4":"has-post-thumbnail","6":"product_cat-christmas-ornaments","7":"product_tag-christmas","8":"product_tag-noel","9":"product_tag-ornaments","11":"first","12":"instock","13":"taxable","14":"shipping-taxable","15":"purchasable","16":"product-type-variable"},"aioseo_notices":[],"jetpack_publicize_connections":[],"jetpack_sharing_enabled":true,"jetpack_likes_enabled":true,"wcpa_form_fields":null,"_links":{"self":[{"href":"https:\/\/mc3castellani.com\/fr\/wp-json\/wp\/v2\/product\/4040","targetHints":{"allow":["GET"]}}],"collection":[{"href":"https:\/\/mc3castellani.com\/fr\/wp-json\/wp\/v2\/product"}],"about":[{"href":"https:\/\/mc3castellani.com\/fr\/wp-json\/wp\/v2\/types\/product"}],"replies":[{"embeddable":true,"href":"https:\/\/mc3castellani.com\/fr\/wp-json\/wp\/v2\/comments?post=4040"}],"wp:featuredmedia":[{"embeddable":true,"href":"https:\/\/mc3castellani.com\/fr\/wp-json\/wp\/v2\/media\/4105"}],"wp:attachment":[{"href":"https:\/\/mc3castellani.com\/fr\/wp-json\/wp\/v2\/media?parent=4040"}],"wp:term":[{"taxonomy":"product_brand","embeddable":true,"href":"https:\/\/mc3castellani.com\/fr\/wp-json\/wp\/v2\/product_brand?post=4040"},{"taxonomy":"product_cat","embeddable":true,"href":"https:\/\/mc3castellani.com\/fr\/wp-json\/wp\/v2\/product_cat?post=4040"},{"taxonomy":"product_tag","embeddable":true,"href":"https:\/\/mc3castellani.com\/fr\/wp-json\/wp\/v2\/product_tag?post=4040"}],"curies":[{"name":"wp","href":"https:\/\/api.w.org\/{rel}","templated":true}]}}