{"id":4226,"date":"2023-10-13T20:46:40","date_gmt":"2023-10-14T06:46:40","guid":{"rendered":"https:\/\/mc3creation.com\/?post_type=product&#038;p=4226"},"modified":"2024-10-31T10:21:07","modified_gmt":"2024-10-31T20:21:07","slug":"ornement-affectif-mon-fils","status":"publish","type":"product","link":"https:\/\/mc3castellani.com\/fr\/produit\/ornement-affectif-mon-fils\/","title":{"rendered":"Ornement affectif \u00e0 suspendre &#8220;MON FILS&#8221;"},"content":{"rendered":"<p>&#8211; Ornements affectifs, sp\u00e9cialement cr\u00e9\u00e9s pour toute la famille, fabriqu\u00e9s en contreplaqu\u00e9 de 3mm avec une finition claire ou fonc\u00e9e, et orn\u00e9s de motifs inspir\u00e9s de Tahiti.<\/p>\n<p>&#8211; Ajoutez une touche d&#8217;exotisme \u00e0 votre d\u00e9coration de No\u00ebl ou votre voiture, maison, bureau&#8230;avec ces ornements uniques, parfaits pour toute la famille.<\/p>\n<p>&#8211; Capturez l&#8217;esprit de Tahiti et cr\u00e9ez des souvenirs durables, avec ces ornements esth\u00e9tiques et d&#8217;ambiance tropicale!<\/p>\n<p>Dimensions: 6.5cm<\/p>","protected":false},"excerpt":{"rendered":"<p>Ornement affectif , \u00e0 suspendre<\/p>\n<p>Dimensions: 6.5cm<\/p>","protected":false},"featured_media":4168,"comment_status":"open","ping_status":"closed","template":"","meta":{"nf_dc_page":"","om_disable_all_campaigns":false,"_monsterinsights_skip_tracking":false,"_monsterinsights_sitenote_active":false,"_monsterinsights_sitenote_note":"","_monsterinsights_sitenote_category":0,"jetpack_publicize_message":"","jetpack_publicize_feature_enabled":true,"jetpack_social_post_already_shared":false,"jetpack_social_options":{"image_generator_settings":{"template":"highway","default_image_id":0,"font":"","enabled":false},"version":2}},"product_brand":[],"product_cat":[151],"product_tag":[149,152,150],"class_list":{"0":"post-4226","1":"product","2":"type-product","3":"status-publish","4":"has-post-thumbnail","6":"product_cat-christmas-ornaments","7":"product_tag-christmas","8":"product_tag-noel","9":"product_tag-ornaments","11":"first","12":"instock","13":"taxable","14":"shipping-taxable","15":"purchasable","16":"product-type-variable"},"aioseo_notices":[],"jetpack_publicize_connections":[],"jetpack_sharing_enabled":true,"jetpack_likes_enabled":true,"wcpa_form_fields":null,"_links":{"self":[{"href":"https:\/\/mc3castellani.com\/fr\/wp-json\/wp\/v2\/product\/4226","targetHints":{"allow":["GET"]}}],"collection":[{"href":"https:\/\/mc3castellani.com\/fr\/wp-json\/wp\/v2\/product"}],"about":[{"href":"https:\/\/mc3castellani.com\/fr\/wp-json\/wp\/v2\/types\/product"}],"replies":[{"embeddable":true,"href":"https:\/\/mc3castellani.com\/fr\/wp-json\/wp\/v2\/comments?post=4226"}],"wp:featuredmedia":[{"embeddable":true,"href":"https:\/\/mc3castellani.com\/fr\/wp-json\/wp\/v2\/media\/4168"}],"wp:attachment":[{"href":"https:\/\/mc3castellani.com\/fr\/wp-json\/wp\/v2\/media?parent=4226"}],"wp:term":[{"taxonomy":"product_brand","embeddable":true,"href":"https:\/\/mc3castellani.com\/fr\/wp-json\/wp\/v2\/product_brand?post=4226"},{"taxonomy":"product_cat","embeddable":true,"href":"https:\/\/mc3castellani.com\/fr\/wp-json\/wp\/v2\/product_cat?post=4226"},{"taxonomy":"product_tag","embeddable":true,"href":"https:\/\/mc3castellani.com\/fr\/wp-json\/wp\/v2\/product_tag?post=4226"}],"curies":[{"name":"wp","href":"https:\/\/api.w.org\/{rel}","templated":true}]}}