{"id":4238,"date":"2023-10-13T21:03:36","date_gmt":"2023-10-14T07:03:36","guid":{"rendered":"https:\/\/mc3creation.com\/?post_type=product&#038;p=4238"},"modified":"2025-12-01T18:34:21","modified_gmt":"2025-12-02T04:34:21","slug":"ornement-affectif-etoile-hibiscus","status":"publish","type":"product","link":"https:\/\/mc3castellani.com\/fr\/produit\/ornement-affectif-etoile-hibiscus\/","title":{"rendered":"ETOILE HIBISCUS"},"content":{"rendered":"<p>&#8211; \u00c9toile de No\u00ebl, \u00e0 mettre au sommet du sapin gr\u00e2ce \u00e0 une base pr\u00e9vue \u00e0 cet effet, pour une installation facile.<\/p>\n<p>&#8211; Agr\u00e9ment\u00e9e de motifs de fleurs d&#8217;Hibiscus, de Tiare ou motifs tribaux, elle sera parfaite pour une touche polyn\u00e9sienne unique.<\/p>\n<p>&#8211; Laissez -vous tenter par l&#8217;exotisme de cette d\u00e9coration de No\u00ebl originale, qui enchantera les petits et les grands!<\/p>\n<p>Dim: 18cm<\/p>","protected":false},"excerpt":{"rendered":"<p>Etoile de No\u00ebl pour sommet du sapin.<\/p>\n<p>Dimensions: 18 cm<\/p>","protected":false},"featured_media":4140,"comment_status":"open","ping_status":"closed","template":"","meta":{"nf_dc_page":"","om_disable_all_campaigns":false,"_monsterinsights_skip_tracking":false,"_monsterinsights_sitenote_active":false,"_monsterinsights_sitenote_note":"","_monsterinsights_sitenote_category":0,"jetpack_publicize_message":"","jetpack_publicize_feature_enabled":true,"jetpack_social_post_already_shared":false,"jetpack_social_options":{"image_generator_settings":{"template":"highway","default_image_id":0,"font":"","enabled":false},"version":2}},"product_brand":[],"product_cat":[151],"product_tag":[149,152,150],"class_list":{"0":"post-4238","1":"product","2":"type-product","3":"status-publish","4":"has-post-thumbnail","6":"product_cat-christmas-ornaments","7":"product_tag-christmas","8":"product_tag-noel","9":"product_tag-ornaments","11":"first","12":"instock","13":"taxable","14":"shipping-taxable","15":"purchasable","16":"product-type-variable"},"aioseo_notices":[],"jetpack_publicize_connections":[],"jetpack_sharing_enabled":true,"jetpack_likes_enabled":true,"wcpa_form_fields":null,"_links":{"self":[{"href":"https:\/\/mc3castellani.com\/fr\/wp-json\/wp\/v2\/product\/4238","targetHints":{"allow":["GET"]}}],"collection":[{"href":"https:\/\/mc3castellani.com\/fr\/wp-json\/wp\/v2\/product"}],"about":[{"href":"https:\/\/mc3castellani.com\/fr\/wp-json\/wp\/v2\/types\/product"}],"replies":[{"embeddable":true,"href":"https:\/\/mc3castellani.com\/fr\/wp-json\/wp\/v2\/comments?post=4238"}],"wp:featuredmedia":[{"embeddable":true,"href":"https:\/\/mc3castellani.com\/fr\/wp-json\/wp\/v2\/media\/4140"}],"wp:attachment":[{"href":"https:\/\/mc3castellani.com\/fr\/wp-json\/wp\/v2\/media?parent=4238"}],"wp:term":[{"taxonomy":"product_brand","embeddable":true,"href":"https:\/\/mc3castellani.com\/fr\/wp-json\/wp\/v2\/product_brand?post=4238"},{"taxonomy":"product_cat","embeddable":true,"href":"https:\/\/mc3castellani.com\/fr\/wp-json\/wp\/v2\/product_cat?post=4238"},{"taxonomy":"product_tag","embeddable":true,"href":"https:\/\/mc3castellani.com\/fr\/wp-json\/wp\/v2\/product_tag?post=4238"}],"curies":[{"name":"wp","href":"https:\/\/api.w.org\/{rel}","templated":true}]}}