{"id":4241,"date":"2023-10-13T21:09:26","date_gmt":"2023-10-14T07:09:26","guid":{"rendered":"https:\/\/mc3creation.com\/?post_type=product&#038;p=4241"},"modified":"2025-12-03T12:20:26","modified_gmt":"2025-12-03T22:20:26","slug":"creche","status":"publish","type":"product","link":"https:\/\/mc3castellani.com\/fr\/produit\/creche\/","title":{"rendered":"Cr\u00e8che tropicale"},"content":{"rendered":"<p>&#8211; Cr\u00e8che de No\u00ebl Surf, o\u00f9 les planches reposent sur le sable , en compagnie de Marie, Joseph, et du petit J\u00e9sus ! Ambiance tropicale, car plage et cocotiers remplacent la traditionnelle \u00e9table!<\/p>\n<p>&#8211; Disponible en bois clair ou fonc\u00e9 de 3mm, cette cr\u00e8che apporte une touche de fra\u00eecheur et d&#8217;originalit\u00e9 \u00e0 votre d\u00e9coration de No\u00ebl.<\/p>\n<p>&#8211; Enti\u00e8rement d\u00e9montable, elle se glisse tr\u00e8s facilement dans une enveloppe, pour un rangement optimum.<\/p>\n<p>Dim: L16 cm X H 12 cm<\/p>","protected":false},"excerpt":{"rendered":"<p>Cr\u00e8che tropicale d\u00e9montable.<\/p>\n<p>Dimensions : L16xH12<\/p>","protected":false},"featured_media":4313,"comment_status":"open","ping_status":"closed","template":"","meta":{"nf_dc_page":"","om_disable_all_campaigns":false,"_monsterinsights_skip_tracking":false,"_monsterinsights_sitenote_active":false,"_monsterinsights_sitenote_note":"","_monsterinsights_sitenote_category":0,"jetpack_publicize_message":"","jetpack_publicize_feature_enabled":true,"jetpack_social_post_already_shared":false,"jetpack_social_options":{"image_generator_settings":{"template":"highway","default_image_id":0,"font":"","enabled":false},"version":2}},"product_brand":[],"product_cat":[151],"product_tag":[149,152,150],"class_list":{"0":"post-4241","1":"product","2":"type-product","3":"status-publish","4":"has-post-thumbnail","6":"product_cat-christmas-ornaments","7":"product_tag-christmas","8":"product_tag-noel","9":"product_tag-ornaments","11":"first","12":"instock","13":"taxable","14":"shipping-taxable","15":"purchasable","16":"product-type-variable"},"aioseo_notices":[],"jetpack_publicize_connections":[],"jetpack_sharing_enabled":true,"jetpack_likes_enabled":true,"wcpa_form_fields":null,"_links":{"self":[{"href":"https:\/\/mc3castellani.com\/fr\/wp-json\/wp\/v2\/product\/4241","targetHints":{"allow":["GET"]}}],"collection":[{"href":"https:\/\/mc3castellani.com\/fr\/wp-json\/wp\/v2\/product"}],"about":[{"href":"https:\/\/mc3castellani.com\/fr\/wp-json\/wp\/v2\/types\/product"}],"replies":[{"embeddable":true,"href":"https:\/\/mc3castellani.com\/fr\/wp-json\/wp\/v2\/comments?post=4241"}],"wp:featuredmedia":[{"embeddable":true,"href":"https:\/\/mc3castellani.com\/fr\/wp-json\/wp\/v2\/media\/4313"}],"wp:attachment":[{"href":"https:\/\/mc3castellani.com\/fr\/wp-json\/wp\/v2\/media?parent=4241"}],"wp:term":[{"taxonomy":"product_brand","embeddable":true,"href":"https:\/\/mc3castellani.com\/fr\/wp-json\/wp\/v2\/product_brand?post=4241"},{"taxonomy":"product_cat","embeddable":true,"href":"https:\/\/mc3castellani.com\/fr\/wp-json\/wp\/v2\/product_cat?post=4241"},{"taxonomy":"product_tag","embeddable":true,"href":"https:\/\/mc3castellani.com\/fr\/wp-json\/wp\/v2\/product_tag?post=4241"}],"curies":[{"name":"wp","href":"https:\/\/api.w.org\/{rel}","templated":true}]}}