{"id":4244,"date":"2023-10-13T21:19:55","date_gmt":"2023-10-14T07:19:55","guid":{"rendered":"https:\/\/mc3creation.com\/?post_type=product&#038;p=4244"},"modified":"2024-11-05T08:56:18","modified_gmt":"2024-11-05T18:56:18","slug":"coffret","status":"publish","type":"product","link":"https:\/\/mc3castellani.com\/fr\/produit\/coffret\/","title":{"rendered":"Bo\u00eete de No\u00ebl &#8211; Petit format"},"content":{"rendered":"<p>&#8211; Magnifique bo\u00eete de No\u00ebl en contreplaqu\u00e9 Peuplier 3mm, offrant l\u00e9g\u00e8ret\u00e9 et r\u00e9sistance.<\/p>\n<p>&#8211; Dimensions g\u00e9n\u00e9reuses de 10 x 10 x 3 cm, cette bo\u00eete sera id\u00e9ale pour ranger cadeaux , d\u00e9corations festives&#8230;<\/p>\n<p>&#8211; Finition vernis bois, orn\u00e9e d&#8217;un motif URU, ajoutant une touche de magie \u00e0 la saison des f\u00eates.<\/p>","protected":false},"excerpt":{"rendered":"<p>Bo\u00eete de No\u00ebl personnalisable.<\/p>\n<p>Dimensions : 10x10x3<\/p>","protected":false},"featured_media":4302,"comment_status":"open","ping_status":"closed","template":"","meta":{"nf_dc_page":"","om_disable_all_campaigns":false,"_monsterinsights_skip_tracking":false,"_monsterinsights_sitenote_active":false,"_monsterinsights_sitenote_note":"","_monsterinsights_sitenote_category":0,"jetpack_publicize_message":"","jetpack_publicize_feature_enabled":true,"jetpack_social_post_already_shared":false,"jetpack_social_options":{"image_generator_settings":{"template":"highway","default_image_id":0,"font":"","enabled":false},"version":2}},"product_brand":[],"product_cat":[151],"product_tag":[149,152,150],"class_list":{"0":"post-4244","1":"product","2":"type-product","3":"status-publish","4":"has-post-thumbnail","6":"product_cat-christmas-ornaments","7":"product_tag-christmas","8":"product_tag-noel","9":"product_tag-ornaments","11":"first","12":"instock","13":"taxable","14":"shipping-taxable","15":"purchasable","16":"product-type-simple"},"aioseo_notices":[],"jetpack_publicize_connections":[],"jetpack_sharing_enabled":true,"jetpack_likes_enabled":true,"wcpa_form_fields":null,"_links":{"self":[{"href":"https:\/\/mc3castellani.com\/fr\/wp-json\/wp\/v2\/product\/4244","targetHints":{"allow":["GET"]}}],"collection":[{"href":"https:\/\/mc3castellani.com\/fr\/wp-json\/wp\/v2\/product"}],"about":[{"href":"https:\/\/mc3castellani.com\/fr\/wp-json\/wp\/v2\/types\/product"}],"replies":[{"embeddable":true,"href":"https:\/\/mc3castellani.com\/fr\/wp-json\/wp\/v2\/comments?post=4244"}],"wp:featuredmedia":[{"embeddable":true,"href":"https:\/\/mc3castellani.com\/fr\/wp-json\/wp\/v2\/media\/4302"}],"wp:attachment":[{"href":"https:\/\/mc3castellani.com\/fr\/wp-json\/wp\/v2\/media?parent=4244"}],"wp:term":[{"taxonomy":"product_brand","embeddable":true,"href":"https:\/\/mc3castellani.com\/fr\/wp-json\/wp\/v2\/product_brand?post=4244"},{"taxonomy":"product_cat","embeddable":true,"href":"https:\/\/mc3castellani.com\/fr\/wp-json\/wp\/v2\/product_cat?post=4244"},{"taxonomy":"product_tag","embeddable":true,"href":"https:\/\/mc3castellani.com\/fr\/wp-json\/wp\/v2\/product_tag?post=4244"}],"curies":[{"name":"wp","href":"https:\/\/api.w.org\/{rel}","templated":true}]}}