{"id":4247,"date":"2023-10-13T21:24:24","date_gmt":"2023-10-14T07:24:24","guid":{"rendered":"https:\/\/mc3creation.com\/?post_type=product&#038;p=4247"},"modified":"2025-12-16T20:10:02","modified_gmt":"2025-12-17T06:10:02","slug":"guirlande-de-noel","status":"publish","type":"product","link":"https:\/\/mc3castellani.com\/fr\/produit\/guirlande-de-noel\/","title":{"rendered":"Couronne de No\u00ebl"},"content":{"rendered":"<p>&#8211; Couronne de No\u00ebl en bois clair ou fonc\u00e9 de 3mm, dot\u00e9e d&#8217;un design moderne et tropical.<\/p>\n<p>&#8211; Ajoutez une touche d&#8217;exotisme \u00e0 votre d\u00e9coration avec cette couronne unique, directement inspir\u00e9e de la beaut\u00e9 de la Polyn\u00e9sie Fran\u00e7aise.<\/p>\n<p>&#8211; Parfaite pour apporter une ambiance festive et originale \u00e0 votre maison pendant les f\u00eates de fin d&#8217;ann\u00e9e!<\/p>\n<p>Dim: 29cm<\/p>","protected":false},"excerpt":{"rendered":"<p>Couronne de No\u00ebl \u00e0 accrocher<\/p>\n<p>Diam\u00e8tre 29 cm<\/p>","protected":false},"featured_media":4129,"comment_status":"open","ping_status":"closed","template":"","meta":{"nf_dc_page":"","om_disable_all_campaigns":false,"_monsterinsights_skip_tracking":false,"_monsterinsights_sitenote_active":false,"_monsterinsights_sitenote_note":"","_monsterinsights_sitenote_category":0,"jetpack_publicize_message":"","jetpack_publicize_feature_enabled":true,"jetpack_social_post_already_shared":false,"jetpack_social_options":{"image_generator_settings":{"template":"highway","default_image_id":0,"font":"","enabled":false},"version":2}},"product_brand":[],"product_cat":[151],"product_tag":[149,152,150],"class_list":{"0":"post-4247","1":"product","2":"type-product","3":"status-publish","4":"has-post-thumbnail","6":"product_cat-christmas-ornaments","7":"product_tag-christmas","8":"product_tag-noel","9":"product_tag-ornaments","11":"first","12":"instock","13":"taxable","14":"shipping-taxable","15":"purchasable","16":"product-type-simple"},"aioseo_notices":[],"jetpack_publicize_connections":[],"jetpack_sharing_enabled":true,"jetpack_likes_enabled":true,"wcpa_form_fields":null,"_links":{"self":[{"href":"https:\/\/mc3castellani.com\/fr\/wp-json\/wp\/v2\/product\/4247","targetHints":{"allow":["GET"]}}],"collection":[{"href":"https:\/\/mc3castellani.com\/fr\/wp-json\/wp\/v2\/product"}],"about":[{"href":"https:\/\/mc3castellani.com\/fr\/wp-json\/wp\/v2\/types\/product"}],"replies":[{"embeddable":true,"href":"https:\/\/mc3castellani.com\/fr\/wp-json\/wp\/v2\/comments?post=4247"}],"wp:featuredmedia":[{"embeddable":true,"href":"https:\/\/mc3castellani.com\/fr\/wp-json\/wp\/v2\/media\/4129"}],"wp:attachment":[{"href":"https:\/\/mc3castellani.com\/fr\/wp-json\/wp\/v2\/media?parent=4247"}],"wp:term":[{"taxonomy":"product_brand","embeddable":true,"href":"https:\/\/mc3castellani.com\/fr\/wp-json\/wp\/v2\/product_brand?post=4247"},{"taxonomy":"product_cat","embeddable":true,"href":"https:\/\/mc3castellani.com\/fr\/wp-json\/wp\/v2\/product_cat?post=4247"},{"taxonomy":"product_tag","embeddable":true,"href":"https:\/\/mc3castellani.com\/fr\/wp-json\/wp\/v2\/product_tag?post=4247"}],"curies":[{"name":"wp","href":"https:\/\/api.w.org\/{rel}","templated":true}]}}