{"id":4371,"date":"2024-02-07T08:13:06","date_gmt":"2024-02-07T18:13:06","guid":{"rendered":"https:\/\/mc3tahiti.com\/?post_type=product&#038;p=4371"},"modified":"2025-12-04T12:58:18","modified_gmt":"2025-12-04T22:58:18","slug":"ornement-personalise","status":"publish","type":"product","link":"https:\/\/mc3castellani.com\/fr\/produit\/ornement-personalise\/","title":{"rendered":"Ornements personnalis\u00e9s de No\u00ebl \u00e0 suspendre"},"content":{"rendered":"<p>&#8211; Ajoutez une touche personnelle \u00e0 votre sapin de No\u00ebl avec nos ornements personnalis\u00e9s, disponibles en contreplaqu\u00e9 clair ou fonc\u00e9, \u00e9paisseur 3mm.<\/p>\n<p>&#8211; Choisissez parmi une grande vari\u00e9t\u00e9 d&#8217;ornements design, et cr\u00e9ez un d\u00e9cor de No\u00ebl unique , reflet de votre style et de votre personnalit\u00e9!<\/p>\n<p>&#8211; Cadeau de No\u00ebl \u00e9galement tr\u00e8s appr\u00e9ci\u00e9 pour f\u00eater la fin de l&#8217;ann\u00e9e ,en entreprise ou entre amis !<\/p>\n<p>Dimensions : De 8 \u00e0 11 cm suivant les mod\u00e8les.<\/p>","protected":false},"excerpt":{"rendered":"<p>Ornement tropical de No\u00ebl \u00e0 suspendre<\/p>\n<p>Dimensions: 6 \u00e0 11 cm suivant les mod\u00e8les<\/p>","protected":false},"featured_media":5482,"comment_status":"open","ping_status":"closed","template":"","meta":{"nf_dc_page":"","om_disable_all_campaigns":false,"_monsterinsights_skip_tracking":false,"_monsterinsights_sitenote_active":false,"_monsterinsights_sitenote_note":"","_monsterinsights_sitenote_category":0,"jetpack_publicize_message":"","jetpack_publicize_feature_enabled":true,"jetpack_social_post_already_shared":false,"jetpack_social_options":{"image_generator_settings":{"template":"highway","default_image_id":0,"font":"","enabled":false},"version":2}},"product_brand":[],"product_cat":[151],"product_tag":[],"class_list":{"0":"post-4371","1":"product","2":"type-product","3":"status-publish","4":"has-post-thumbnail","6":"product_cat-christmas-ornaments","7":"wcpa_has_options","9":"first","10":"instock","11":"taxable","12":"shipping-taxable","13":"purchasable","14":"product-type-variable"},"aioseo_notices":[],"jetpack_publicize_connections":[],"jetpack_sharing_enabled":true,"jetpack_likes_enabled":true,"wcpa_form_fields":{"wcpaData":{"product":{"product_price":3000,"price_html":"<span class=\"woocommerce-Price-amount amount\"><bdi><span class=\"woocommerce-Price-currencySymbol\">&#x46;&#x72;<\/span>3,000<\/bdi><\/span> <small class=\"woocommerce-price-suffix\">inc. T.V.A 16%<\/small>","original_product_price":3000,"price_including_tax":3000,"price_excluding_tax":2586.20689700000002630986273288726806640625,"product_id":{"parent":4371,"variation":false},"is_variable":true,"stock_status":"instock","stock_quantity":null,"parent_sku":"","product_attributes":{"material":{"is_variation":true,"values":[]},"style":{"is_variation":true,"values":[]}},"custom_fields":[],"is_taxable":true,"product_name":"Ornements personnalis\u00e9s de No\u00ebl \u00e0 suspendre"},"fields":{"sec_565c52f66d34df":{"extra":{"key":"sec_565c52f66d34df","section_id":"sec_565c52f66d34df","name":"Default","status":1,"cl_rule":"show","enableCl":false,"relations":[],"toggle":true,"title_tag":"h3","show_title":false,"showPrice":"default","form_id":4407,"form_rules":{"exclude_from_discount":false,"fee_label":"Fee","disp_hide_options_price":false,"disp_show_section_price":false,"disp_show_field_price":true,"layout_option":"standard","pric_use_as_fee":false,"process_fee_as":"woo_fee"},"layout_option":"standard"},"fields":[[{"active":true,"col":6,"relations":false,"cl_rule":"show","enableCl":false,"price":"","enablePrice":false,"className":"","label_position":"default","desc_position":"default","type":"textarea","required":true,"elementId":"textarea_3447239221","label":"Enter a name or message","name":"textarea_3447239221","value":"","rows":2,"error":false,"gt_translate_keys":["label","value"],"price_dependency":false,"cl_dependency":false}]]}},"config":{"price_override":"","enable_recaptcha":false,"bind_quantity":false,"quantity_bind_formula":false,"disp_summ_show_option_price":true,"disp_summ_show_product_price":true,"disp_summ_show_total_price":true,"disp_summ_show_fee":false,"disp_summ_show_discount":false,"summary_title":"","options_total_label":"Options Price","total_label":"Total","options_product_label":"Product Price","fee_label":"Fee","discount_label":"Discount","has_price":true,"has_quantity_formula":false},"mc_unit":1,"tax_rate":1,"tax_rate_real":0.1600000000000000033306690738754696212708950042724609375,"discount":{"percentage":0,"fixed":0},"design":{"conf":{"LabelPosition":"above","DescPosition":"above","UploadField":"custom_1","QuantityFieldStyle":"default"},"css":{"LeftLabelWidth":"120px"}},"formulas":[],"clones":false,"cartKey":false}},"_links":{"self":[{"href":"https:\/\/mc3castellani.com\/fr\/wp-json\/wp\/v2\/product\/4371","targetHints":{"allow":["GET"]}}],"collection":[{"href":"https:\/\/mc3castellani.com\/fr\/wp-json\/wp\/v2\/product"}],"about":[{"href":"https:\/\/mc3castellani.com\/fr\/wp-json\/wp\/v2\/types\/product"}],"replies":[{"embeddable":true,"href":"https:\/\/mc3castellani.com\/fr\/wp-json\/wp\/v2\/comments?post=4371"}],"wp:featuredmedia":[{"embeddable":true,"href":"https:\/\/mc3castellani.com\/fr\/wp-json\/wp\/v2\/media\/5482"}],"wp:attachment":[{"href":"https:\/\/mc3castellani.com\/fr\/wp-json\/wp\/v2\/media?parent=4371"}],"wp:term":[{"taxonomy":"product_brand","embeddable":true,"href":"https:\/\/mc3castellani.com\/fr\/wp-json\/wp\/v2\/product_brand?post=4371"},{"taxonomy":"product_cat","embeddable":true,"href":"https:\/\/mc3castellani.com\/fr\/wp-json\/wp\/v2\/product_cat?post=4371"},{"taxonomy":"product_tag","embeddable":true,"href":"https:\/\/mc3castellani.com\/fr\/wp-json\/wp\/v2\/product_tag?post=4371"}],"curies":[{"name":"wp","href":"https:\/\/api.w.org\/{rel}","templated":true}]}}