{"id":4397,"date":"2024-02-07T11:48:25","date_gmt":"2024-02-07T21:48:25","guid":{"rendered":"https:\/\/mc3tahiti.com\/?post_type=product&#038;p=4397"},"modified":"2024-10-28T09:21:36","modified_gmt":"2024-10-28T19:21:36","slug":"boite-alliance-coeur","status":"publish","type":"product","link":"https:\/\/mc3castellani.com\/fr\/produit\/boite-alliance-coeur\/","title":{"rendered":"Bo\u00eete pour Alliances en forme de C\u0153ur"},"content":{"rendered":"<p>&#8211; Bo\u00eete en bois massif en forme de c\u0153ur, le cadeau de mariage parfait pour abriter votre amour et les merveilleux souvenirs qui s&#8217;y associent .<\/p>\n<p>\u2013 Fabriqu\u00e9e avec soin \u00e0 partir de bois de qualit\u00e9 et finition vernis.<\/p>\n<p>&#8211; Offrez ce pr\u00e9cieux coffret aux nouveaux mari\u00e9s, pour y conserver leurs moments les plus pr\u00e9cieux.<\/p>\n<p>&#8211; Cadeau d&#8217;anniversaire, f\u00eate des m\u00e8res, st Valentin , Cadeau de mariage&#8230;<\/p>\n<p>&#8211; Personnalisable pour rendre chaque souvenir unique et inoubliable.<\/p>\n<p>Dim: 14 X 6 cm<\/p>","protected":false},"excerpt":{"rendered":"<p>Bo\u00eete en forme de c\u0153ur ,pour alliances de mariage, personnalisable .<\/p>\n<p>dimensions :14&#215;6 cm<\/p>","protected":false},"featured_media":4398,"comment_status":"open","ping_status":"closed","template":"","meta":{"nf_dc_page":"","om_disable_all_campaigns":false,"_monsterinsights_skip_tracking":false,"_monsterinsights_sitenote_active":false,"_monsterinsights_sitenote_note":"","_monsterinsights_sitenote_category":0,"jetpack_publicize_message":"","jetpack_publicize_feature_enabled":true,"jetpack_social_post_already_shared":false,"jetpack_social_options":{"image_generator_settings":{"template":"highway","default_image_id":0,"font":"","enabled":false},"version":2}},"product_brand":[],"product_cat":[169,159],"product_tag":[],"class_list":{"0":"post-4397","1":"product","2":"type-product","3":"status-publish","4":"has-post-thumbnail","6":"product_cat-events","7":"product_cat-gifts","8":"wcpa_has_options","10":"first","11":"instock","12":"taxable","13":"shipping-taxable","14":"purchasable","15":"product-type-simple"},"aioseo_notices":[],"jetpack_publicize_connections":[],"jetpack_sharing_enabled":true,"jetpack_likes_enabled":true,"wcpa_form_fields":{"wcpaData":{"product":{"product_price":8000,"price_html":"<span class=\"woocommerce-Price-amount amount\"><bdi><span class=\"woocommerce-Price-currencySymbol\">&#x46;&#x72;<\/span>8,000<\/bdi><\/span> <small class=\"woocommerce-price-suffix\">inc. T.V.A 16%<\/small>","original_product_price":8000,"price_including_tax":8000,"price_excluding_tax":6896.5517239999999219435267150402069091796875,"product_id":{"parent":4397,"variation":false},"is_variable":false,"stock_status":"instock","stock_quantity":null,"parent_sku":"","product_attributes":{"product-options":{"is_variation":false,"values":["Heart box","Personalised"]}},"custom_fields":[],"is_taxable":true,"product_name":"Bo\u00eete pour Alliances en forme de C\u0153ur"},"fields":{"sec_76517dc30a4a45":{"extra":{"key":"sec_76517dc30a4a45","section_id":"sec_76517dc30a4a45","name":"Default","status":1,"toggle":true,"form_id":3941,"form_rules":{"exclude_from_discount":false,"fee_label":"Fee","disp_hide_options_price":false,"disp_show_section_price":false,"disp_show_field_price":true,"layout_option":"standard","pric_use_as_fee":false,"process_fee_as":"woo_fee"},"layout_option":"standard"},"fields":[[{"active":true,"col":6,"relations":[{"operator":false,"rules":[{"operator":false,"rules":{"cl_field":"","cl_relation":"","cl_val":""}}]}],"cl_rule":"show","enableCl":false,"price":"2000","enablePrice":false,"className":"","label_position":"default","desc_position":"default","type":"checkbox","required":false,"elementId":"checkbox_7706736825","label":"Customisation","name":"checkbox_7706736825","value":"","check_value":"Yes","checkUi":"","error":false,"use_as_fee":true,"pricingType":"fixed","gt_translate_keys":["label","value","check_value"],"price_dependency":false,"cl_dependency":["textarea_3520201447"]}],[{"active":true,"col":6,"relations":[{"operator":false,"rules":[{"operator":"AND","rules":{"cl_field":"checkbox_7706736825","cl_relation":"is","cl_val":false}}]}],"cl_rule":"hide","enableCl":true,"price":"2000","enablePrice":false,"className":"","label_position":"default","desc_position":"default","type":"textarea","required":false,"elementId":"textarea_3520201447","label":"Enter a name or message","name":"textarea_3520201447","value":"","rows":2,"error":false,"pricingType":"fixed","use_as_fee":true,"gt_translate_keys":["label","value"],"price_dependency":false,"cl_dependency":false}]]}},"config":{"price_override":"","enable_recaptcha":false,"bind_quantity":false,"quantity_bind_formula":false,"disp_summ_show_option_price":true,"disp_summ_show_product_price":true,"disp_summ_show_total_price":true,"disp_summ_show_fee":false,"disp_summ_show_discount":false,"summary_title":"","options_total_label":"Options Price","total_label":"Total","options_product_label":"Product Price","fee_label":"Fee","discount_label":"Discount","has_price":true,"has_quantity_formula":false},"mc_unit":1,"tax_rate":1,"tax_rate_real":0.1600000000000000033306690738754696212708950042724609375,"discount":{"percentage":0,"fixed":0},"design":{"conf":{"LabelPosition":"above","DescPosition":"above","UploadField":"custom_1","QuantityFieldStyle":"default"},"css":{"LeftLabelWidth":"120px"}},"formulas":[],"clones":false,"cartKey":false}},"_links":{"self":[{"href":"https:\/\/mc3castellani.com\/fr\/wp-json\/wp\/v2\/product\/4397","targetHints":{"allow":["GET"]}}],"collection":[{"href":"https:\/\/mc3castellani.com\/fr\/wp-json\/wp\/v2\/product"}],"about":[{"href":"https:\/\/mc3castellani.com\/fr\/wp-json\/wp\/v2\/types\/product"}],"replies":[{"embeddable":true,"href":"https:\/\/mc3castellani.com\/fr\/wp-json\/wp\/v2\/comments?post=4397"}],"wp:featuredmedia":[{"embeddable":true,"href":"https:\/\/mc3castellani.com\/fr\/wp-json\/wp\/v2\/media\/4398"}],"wp:attachment":[{"href":"https:\/\/mc3castellani.com\/fr\/wp-json\/wp\/v2\/media?parent=4397"}],"wp:term":[{"taxonomy":"product_brand","embeddable":true,"href":"https:\/\/mc3castellani.com\/fr\/wp-json\/wp\/v2\/product_brand?post=4397"},{"taxonomy":"product_cat","embeddable":true,"href":"https:\/\/mc3castellani.com\/fr\/wp-json\/wp\/v2\/product_cat?post=4397"},{"taxonomy":"product_tag","embeddable":true,"href":"https:\/\/mc3castellani.com\/fr\/wp-json\/wp\/v2\/product_tag?post=4397"}],"curies":[{"name":"wp","href":"https:\/\/api.w.org\/{rel}","templated":true}]}}