{"id":4409,"date":"2024-02-08T11:34:38","date_gmt":"2024-02-08T21:34:38","guid":{"rendered":"https:\/\/mc3tahiti.com\/?post_type=product&#038;p=4409"},"modified":"2024-06-26T08:04:24","modified_gmt":"2024-06-26T18:04:24","slug":"carte-polynesie","status":"publish","type":"product","link":"https:\/\/mc3castellani.com\/fr\/produit\/carte-polynesie\/","title":{"rendered":"Carte de la Polyn\u00e9sie Fran\u00e7aise"},"content":{"rendered":"<p>&#8211; Magnifique carte \u00e9ducative de la Polyn\u00e9sie fran\u00e7aise, fabriqu\u00e9e en contreplaqu\u00e9 Peuplier 9mm, accompagn\u00e9e d&#8217;une cordelette pour une suspension ais\u00e9e.<\/p>\n<p>&#8211; Personnalisable selon vos pr\u00e9f\u00e9rences, cette carte offre une exploration ludique et instructive de la Polyn\u00e9sie fran\u00e7aise.<\/p>\n<p>&#8211; Avec ses dimensions g\u00e9n\u00e9reuses de 30cm x 45cm, elle constitue un outil \u00e9ducatif indispensable pour les salles de classe ou n&#8217;importe quel espace de vie de votre choix !<\/p>","protected":false},"excerpt":{"rendered":"<p>Carte de la Polyn\u00e9sie Fran\u00e7aise personnalisable.<\/p>\n<p>Dimensions : 30\u00d745 cm<\/p>","protected":false},"featured_media":4412,"comment_status":"open","ping_status":"closed","template":"","meta":{"nf_dc_page":"","om_disable_all_campaigns":false,"_monsterinsights_skip_tracking":false,"_monsterinsights_sitenote_active":false,"_monsterinsights_sitenote_note":"","_monsterinsights_sitenote_category":0,"jetpack_publicize_message":"","jetpack_publicize_feature_enabled":true,"jetpack_social_post_already_shared":false,"jetpack_social_options":{"image_generator_settings":{"template":"highway","default_image_id":0,"font":"","enabled":false},"version":2}},"product_brand":[],"product_cat":[160,161],"product_tag":[],"class_list":{"0":"post-4409","1":"product","2":"type-product","3":"status-publish","4":"has-post-thumbnail","6":"product_cat-decor","7":"product_cat-kids","8":"wcpa_has_options","10":"first","11":"instock","12":"taxable","13":"shipping-taxable","14":"purchasable","15":"product-type-simple"},"aioseo_notices":[],"jetpack_publicize_connections":[],"jetpack_sharing_enabled":true,"jetpack_likes_enabled":true,"wcpa_form_fields":{"wcpaData":{"product":{"product_price":8000,"price_html":"<span class=\"woocommerce-Price-amount amount\"><bdi><span class=\"woocommerce-Price-currencySymbol\">&#x46;&#x72;<\/span>8,000<\/bdi><\/span> <small class=\"woocommerce-price-suffix\">inc. T.V.A 16%<\/small>","original_product_price":8000,"price_including_tax":8000,"price_excluding_tax":6896.5517239999999219435267150402069091796875,"product_id":{"parent":4409,"variation":false},"is_variable":false,"stock_status":"instock","stock_quantity":null,"parent_sku":"","product_attributes":[],"custom_fields":[],"is_taxable":true,"product_name":"Carte de la Polyn\u00e9sie Fran\u00e7aise"},"fields":{"sec_76517dc30a4a45":{"extra":{"key":"sec_76517dc30a4a45","section_id":"sec_76517dc30a4a45","name":"Default","status":1,"toggle":true,"form_id":3941,"form_rules":{"exclude_from_discount":false,"fee_label":"Fee","disp_hide_options_price":false,"disp_show_section_price":false,"disp_show_field_price":true,"layout_option":"standard","pric_use_as_fee":false,"process_fee_as":"woo_fee"},"layout_option":"standard"},"fields":[[{"active":true,"col":6,"relations":[{"operator":false,"rules":[{"operator":false,"rules":{"cl_field":"","cl_relation":"","cl_val":""}}]}],"cl_rule":"show","enableCl":false,"price":"2000","enablePrice":false,"className":"","label_position":"default","desc_position":"default","type":"checkbox","required":false,"elementId":"checkbox_7706736825","label":"Customisation","name":"checkbox_7706736825","value":"","check_value":"Yes","checkUi":"","error":false,"use_as_fee":true,"pricingType":"fixed","gt_translate_keys":["label","value","check_value"],"price_dependency":false,"cl_dependency":["textarea_3520201447"]}],[{"active":true,"col":6,"relations":[{"operator":false,"rules":[{"operator":"AND","rules":{"cl_field":"checkbox_7706736825","cl_relation":"is","cl_val":false}}]}],"cl_rule":"hide","enableCl":true,"price":"2000","enablePrice":false,"className":"","label_position":"default","desc_position":"default","type":"textarea","required":false,"elementId":"textarea_3520201447","label":"Enter a name or message","name":"textarea_3520201447","value":"","rows":2,"error":false,"pricingType":"fixed","use_as_fee":true,"gt_translate_keys":["label","value"],"price_dependency":false,"cl_dependency":false}]]}},"config":{"price_override":"","enable_recaptcha":false,"bind_quantity":false,"quantity_bind_formula":false,"disp_summ_show_option_price":true,"disp_summ_show_product_price":true,"disp_summ_show_total_price":true,"disp_summ_show_fee":false,"disp_summ_show_discount":false,"summary_title":"","options_total_label":"Options Price","total_label":"Total","options_product_label":"Product Price","fee_label":"Fee","discount_label":"Discount","has_price":true,"has_quantity_formula":false},"mc_unit":1,"tax_rate":1,"tax_rate_real":0.1600000000000000033306690738754696212708950042724609375,"discount":{"percentage":0,"fixed":0},"design":{"conf":{"LabelPosition":"above","DescPosition":"above","UploadField":"custom_1","QuantityFieldStyle":"default"},"css":{"LeftLabelWidth":"120px"}},"formulas":[],"clones":false,"cartKey":false}},"_links":{"self":[{"href":"https:\/\/mc3castellani.com\/fr\/wp-json\/wp\/v2\/product\/4409","targetHints":{"allow":["GET"]}}],"collection":[{"href":"https:\/\/mc3castellani.com\/fr\/wp-json\/wp\/v2\/product"}],"about":[{"href":"https:\/\/mc3castellani.com\/fr\/wp-json\/wp\/v2\/types\/product"}],"replies":[{"embeddable":true,"href":"https:\/\/mc3castellani.com\/fr\/wp-json\/wp\/v2\/comments?post=4409"}],"wp:featuredmedia":[{"embeddable":true,"href":"https:\/\/mc3castellani.com\/fr\/wp-json\/wp\/v2\/media\/4412"}],"wp:attachment":[{"href":"https:\/\/mc3castellani.com\/fr\/wp-json\/wp\/v2\/media?parent=4409"}],"wp:term":[{"taxonomy":"product_brand","embeddable":true,"href":"https:\/\/mc3castellani.com\/fr\/wp-json\/wp\/v2\/product_brand?post=4409"},{"taxonomy":"product_cat","embeddable":true,"href":"https:\/\/mc3castellani.com\/fr\/wp-json\/wp\/v2\/product_cat?post=4409"},{"taxonomy":"product_tag","embeddable":true,"href":"https:\/\/mc3castellani.com\/fr\/wp-json\/wp\/v2\/product_tag?post=4409"}],"curies":[{"name":"wp","href":"https:\/\/api.w.org\/{rel}","templated":true}]}}