{"id":4415,"date":"2024-02-08T12:19:05","date_gmt":"2024-02-08T22:19:05","guid":{"rendered":"https:\/\/mc3tahiti.com\/?post_type=product&#038;p=4415"},"modified":"2024-06-26T08:26:24","modified_gmt":"2024-06-26T18:26:24","slug":"hymne-tahitienne","status":"publish","type":"product","link":"https:\/\/mc3castellani.com\/fr\/produit\/hymne-tahitienne\/","title":{"rendered":"Hymne Tahitien sur support en bois"},"content":{"rendered":"<p>&#8211; Affiche de l&#8217;hymne Tahitien avec traduction en anglais et en fran\u00e7ais.<\/p>\n<p>&#8211; Explorez la richesse culturelle de Tahiti avec cette affiche trilingue, id\u00e9ale pour les salles de classe , ou pour l&#8217;environnement professionnel ou familial.<\/p>\n<p>&#8211; Offrez une exp\u00e9rience d&#8217;apprentissage immersif en d\u00e9couvrant les paroles de cet hymne embl\u00e9matique dans trois langues diff\u00e9rentes!<\/p>\n<p>Format A4<\/p>","protected":false},"excerpt":{"rendered":"<p>Hymne Tahitien grav\u00e9 sur bois.En francais et en tahitien.<\/p>\n<p>Dimensions : A4<\/p>","protected":false},"featured_media":4417,"comment_status":"open","ping_status":"closed","template":"","meta":{"nf_dc_page":"","om_disable_all_campaigns":false,"_monsterinsights_skip_tracking":false,"_monsterinsights_sitenote_active":false,"_monsterinsights_sitenote_note":"","_monsterinsights_sitenote_category":0,"jetpack_publicize_message":"","jetpack_publicize_feature_enabled":true,"jetpack_social_post_already_shared":false,"jetpack_social_options":{"image_generator_settings":{"template":"highway","default_image_id":0,"font":"","enabled":false},"version":2}},"product_brand":[],"product_cat":[160],"product_tag":[],"class_list":{"0":"post-4415","1":"product","2":"type-product","3":"status-publish","4":"has-post-thumbnail","6":"product_cat-decor","8":"first","9":"instock","10":"taxable","11":"shipping-taxable","12":"purchasable","13":"product-type-simple"},"aioseo_notices":[],"jetpack_publicize_connections":[],"jetpack_sharing_enabled":true,"jetpack_likes_enabled":true,"wcpa_form_fields":null,"_links":{"self":[{"href":"https:\/\/mc3castellani.com\/fr\/wp-json\/wp\/v2\/product\/4415","targetHints":{"allow":["GET"]}}],"collection":[{"href":"https:\/\/mc3castellani.com\/fr\/wp-json\/wp\/v2\/product"}],"about":[{"href":"https:\/\/mc3castellani.com\/fr\/wp-json\/wp\/v2\/types\/product"}],"replies":[{"embeddable":true,"href":"https:\/\/mc3castellani.com\/fr\/wp-json\/wp\/v2\/comments?post=4415"}],"wp:featuredmedia":[{"embeddable":true,"href":"https:\/\/mc3castellani.com\/fr\/wp-json\/wp\/v2\/media\/4417"}],"wp:attachment":[{"href":"https:\/\/mc3castellani.com\/fr\/wp-json\/wp\/v2\/media?parent=4415"}],"wp:term":[{"taxonomy":"product_brand","embeddable":true,"href":"https:\/\/mc3castellani.com\/fr\/wp-json\/wp\/v2\/product_brand?post=4415"},{"taxonomy":"product_cat","embeddable":true,"href":"https:\/\/mc3castellani.com\/fr\/wp-json\/wp\/v2\/product_cat?post=4415"},{"taxonomy":"product_tag","embeddable":true,"href":"https:\/\/mc3castellani.com\/fr\/wp-json\/wp\/v2\/product_tag?post=4415"}],"curies":[{"name":"wp","href":"https:\/\/api.w.org\/{rel}","templated":true}]}}