{"id":4432,"date":"2024-02-08T13:32:15","date_gmt":"2024-02-08T23:32:15","guid":{"rendered":"https:\/\/mc3tahiti.com\/?post_type=product&#038;p=4432"},"modified":"2024-06-26T08:29:16","modified_gmt":"2024-06-26T18:29:16","slug":"jeu-de-tri","status":"publish","type":"product","link":"https:\/\/mc3castellani.com\/fr\/produit\/jeu-de-tri\/","title":{"rendered":"Jeu de tri"},"content":{"rendered":"<p>-Magnifique jeu de tri pour enfants, en contreplaqu\u00e9 de peuplier 3mm, accompagn\u00e9 d&#8217;un support en bois massif.<\/p>\n<p>&#8211; Parfait pour l&#8217;apprentissage des nombres, ce jeu offre une approche ludique pour apprendre \u00e0 compter, et \u00e0 lire les nombres de un \u00e0 dix.<\/p>\n<p>&#8211; Encouragez le d\u00e9veloppement cognitif et la coordination, tout en permettant \u00e0 votre enfant de s&#8217;amuser avec ce jeu \u00e9ducatif et interactif !<\/p>","protected":false},"excerpt":{"rendered":"<p>Jeu de tri pour enfants, pour l&#8217;apprentissage des math\u00e9matiques.<\/p>","protected":false},"featured_media":4983,"comment_status":"open","ping_status":"closed","template":"","meta":{"nf_dc_page":"","om_disable_all_campaigns":false,"_monsterinsights_skip_tracking":false,"_monsterinsights_sitenote_active":false,"_monsterinsights_sitenote_note":"","_monsterinsights_sitenote_category":0,"jetpack_publicize_message":"","jetpack_publicize_feature_enabled":true,"jetpack_social_post_already_shared":false,"jetpack_social_options":{"image_generator_settings":{"template":"highway","default_image_id":0,"font":"","enabled":false},"version":2}},"product_brand":[],"product_cat":[161],"product_tag":[],"class_list":{"0":"post-4432","1":"product","2":"type-product","3":"status-publish","4":"has-post-thumbnail","6":"product_cat-kids","8":"first","9":"instock","10":"taxable","11":"shipping-taxable","12":"purchasable","13":"product-type-simple"},"aioseo_notices":[],"jetpack_publicize_connections":[],"jetpack_sharing_enabled":true,"jetpack_likes_enabled":true,"wcpa_form_fields":null,"_links":{"self":[{"href":"https:\/\/mc3castellani.com\/fr\/wp-json\/wp\/v2\/product\/4432","targetHints":{"allow":["GET"]}}],"collection":[{"href":"https:\/\/mc3castellani.com\/fr\/wp-json\/wp\/v2\/product"}],"about":[{"href":"https:\/\/mc3castellani.com\/fr\/wp-json\/wp\/v2\/types\/product"}],"replies":[{"embeddable":true,"href":"https:\/\/mc3castellani.com\/fr\/wp-json\/wp\/v2\/comments?post=4432"}],"wp:featuredmedia":[{"embeddable":true,"href":"https:\/\/mc3castellani.com\/fr\/wp-json\/wp\/v2\/media\/4983"}],"wp:attachment":[{"href":"https:\/\/mc3castellani.com\/fr\/wp-json\/wp\/v2\/media?parent=4432"}],"wp:term":[{"taxonomy":"product_brand","embeddable":true,"href":"https:\/\/mc3castellani.com\/fr\/wp-json\/wp\/v2\/product_brand?post=4432"},{"taxonomy":"product_cat","embeddable":true,"href":"https:\/\/mc3castellani.com\/fr\/wp-json\/wp\/v2\/product_cat?post=4432"},{"taxonomy":"product_tag","embeddable":true,"href":"https:\/\/mc3castellani.com\/fr\/wp-json\/wp\/v2\/product_tag?post=4432"}],"curies":[{"name":"wp","href":"https:\/\/api.w.org\/{rel}","templated":true}]}}