{"id":4435,"date":"2024-02-10T20:09:47","date_gmt":"2024-02-11T06:09:47","guid":{"rendered":"https:\/\/mc3tahiti.com\/?post_type=product&#038;p=4435"},"modified":"2024-06-26T08:07:44","modified_gmt":"2024-06-26T18:07:44","slug":"carte-etapes-de-bebe","status":"publish","type":"product","link":"https:\/\/mc3castellani.com\/fr\/produit\/carte-etapes-de-bebe\/","title":{"rendered":"Cartes \u00e9tapes de b\u00e9b\u00e9"},"content":{"rendered":"<p>&#8211; Ensemble de 12 cartes pour toutes les \u00e9tapes de b\u00e9b\u00e9, fabriqu\u00e9es en contreplaqu\u00e9 de peuplier 3mm.<\/p>\n<p>&#8211; La premi\u00e8re carte est personnalisable avec le pr\u00e9nom de votre enfant.<\/p>\n<p>&#8211; Avec un diam\u00e8tre de 8cm, leur taille est parfaite pour \u00eatre tenue dans la main , et pour les photos de b\u00e9b\u00e9!<\/p>\n<p>&#8211; Une mani\u00e8re unique et charmante de documenter et de c\u00e9l\u00e9brer les \u00e9tapes importantes du d\u00e9veloppement de votre petit tr\u00e9sor.<\/p>","protected":false},"excerpt":{"rendered":"<p>Cartes pour les \u00e9tapes de la vie de b\u00e9b\u00e9, personnalisables.<\/p>\n<p>Diam\u00e8tre 8 cm.<\/p>","protected":false},"featured_media":4504,"comment_status":"open","ping_status":"closed","template":"","meta":{"nf_dc_page":"","om_disable_all_campaigns":false,"_monsterinsights_skip_tracking":false,"_monsterinsights_sitenote_active":false,"_monsterinsights_sitenote_note":"","_monsterinsights_sitenote_category":0,"jetpack_publicize_message":"","jetpack_publicize_feature_enabled":true,"jetpack_social_post_already_shared":false,"jetpack_social_options":{"image_generator_settings":{"template":"highway","default_image_id":0,"font":"","enabled":false},"version":2}},"product_brand":[],"product_cat":[161],"product_tag":[],"class_list":{"0":"post-4435","1":"product","2":"type-product","3":"status-publish","4":"has-post-thumbnail","6":"product_cat-kids","7":"wcpa_has_options","9":"first","10":"instock","11":"taxable","12":"shipping-taxable","13":"purchasable","14":"product-type-simple"},"aioseo_notices":[],"jetpack_publicize_connections":[],"jetpack_sharing_enabled":true,"jetpack_likes_enabled":true,"wcpa_form_fields":{"wcpaData":{"product":{"product_price":6000,"price_html":"<span class=\"woocommerce-Price-amount amount\"><bdi><span class=\"woocommerce-Price-currencySymbol\">&#x46;&#x72;<\/span>6,000<\/bdi><\/span> <small class=\"woocommerce-price-suffix\">inc. T.V.A 16%<\/small>","original_product_price":6000,"price_including_tax":6000,"price_excluding_tax":5172.413792999999714083969593048095703125,"product_id":{"parent":4435,"variation":false},"is_variable":false,"stock_status":"instock","stock_quantity":null,"parent_sku":"","product_attributes":[],"custom_fields":[],"is_taxable":true,"product_name":"Cartes \u00e9tapes de b\u00e9b\u00e9"},"fields":{"sec_76517dc30a4a45":{"extra":{"key":"sec_76517dc30a4a45","section_id":"sec_76517dc30a4a45","name":"Default","status":1,"toggle":true,"form_id":3941,"form_rules":{"exclude_from_discount":false,"fee_label":"Fee","disp_hide_options_price":false,"disp_show_section_price":false,"disp_show_field_price":true,"layout_option":"standard","pric_use_as_fee":false,"process_fee_as":"woo_fee"},"layout_option":"standard"},"fields":[[{"active":true,"col":6,"relations":[{"operator":false,"rules":[{"operator":false,"rules":{"cl_field":"","cl_relation":"","cl_val":""}}]}],"cl_rule":"show","enableCl":false,"price":"2000","enablePrice":false,"className":"","label_position":"default","desc_position":"default","type":"checkbox","required":false,"elementId":"checkbox_7706736825","label":"Customisation","name":"checkbox_7706736825","value":"","check_value":"Yes","checkUi":"","error":false,"use_as_fee":true,"pricingType":"fixed","gt_translate_keys":["label","value","check_value"],"price_dependency":false,"cl_dependency":["textarea_3520201447"]}],[{"active":true,"col":6,"relations":[{"operator":false,"rules":[{"operator":"AND","rules":{"cl_field":"checkbox_7706736825","cl_relation":"is","cl_val":false}}]}],"cl_rule":"hide","enableCl":true,"price":"2000","enablePrice":false,"className":"","label_position":"default","desc_position":"default","type":"textarea","required":false,"elementId":"textarea_3520201447","label":"Enter a name or message","name":"textarea_3520201447","value":"","rows":2,"error":false,"pricingType":"fixed","use_as_fee":true,"gt_translate_keys":["label","value"],"price_dependency":false,"cl_dependency":false}]]}},"config":{"price_override":"","enable_recaptcha":false,"bind_quantity":false,"quantity_bind_formula":false,"disp_summ_show_option_price":true,"disp_summ_show_product_price":true,"disp_summ_show_total_price":true,"disp_summ_show_fee":false,"disp_summ_show_discount":false,"summary_title":"","options_total_label":"Options Price","total_label":"Total","options_product_label":"Product Price","fee_label":"Fee","discount_label":"Discount","has_price":true,"has_quantity_formula":false},"mc_unit":1,"tax_rate":1,"tax_rate_real":0.1600000000000000033306690738754696212708950042724609375,"discount":{"percentage":0,"fixed":0},"design":{"conf":{"LabelPosition":"above","DescPosition":"above","UploadField":"custom_1","QuantityFieldStyle":"default"},"css":{"LeftLabelWidth":"120px"}},"formulas":[],"clones":false,"cartKey":false}},"_links":{"self":[{"href":"https:\/\/mc3castellani.com\/fr\/wp-json\/wp\/v2\/product\/4435","targetHints":{"allow":["GET"]}}],"collection":[{"href":"https:\/\/mc3castellani.com\/fr\/wp-json\/wp\/v2\/product"}],"about":[{"href":"https:\/\/mc3castellani.com\/fr\/wp-json\/wp\/v2\/types\/product"}],"replies":[{"embeddable":true,"href":"https:\/\/mc3castellani.com\/fr\/wp-json\/wp\/v2\/comments?post=4435"}],"wp:featuredmedia":[{"embeddable":true,"href":"https:\/\/mc3castellani.com\/fr\/wp-json\/wp\/v2\/media\/4504"}],"wp:attachment":[{"href":"https:\/\/mc3castellani.com\/fr\/wp-json\/wp\/v2\/media?parent=4435"}],"wp:term":[{"taxonomy":"product_brand","embeddable":true,"href":"https:\/\/mc3castellani.com\/fr\/wp-json\/wp\/v2\/product_brand?post=4435"},{"taxonomy":"product_cat","embeddable":true,"href":"https:\/\/mc3castellani.com\/fr\/wp-json\/wp\/v2\/product_cat?post=4435"},{"taxonomy":"product_tag","embeddable":true,"href":"https:\/\/mc3castellani.com\/fr\/wp-json\/wp\/v2\/product_tag?post=4435"}],"curies":[{"name":"wp","href":"https:\/\/api.w.org\/{rel}","templated":true}]}}