{"id":4440,"date":"2024-02-14T20:48:08","date_gmt":"2024-02-15T06:48:08","guid":{"rendered":"https:\/\/mc3tahiti.com\/?post_type=product&#038;p=4440"},"modified":"2024-06-26T10:19:45","modified_gmt":"2024-06-26T20:19:45","slug":"sepbaby-wardrobe-dividers","status":"publish","type":"product","link":"https:\/\/mc3castellani.com\/fr\/produit\/sepbaby-wardrobe-dividers\/","title":{"rendered":"S\u00e9parateur de garde robe de b\u00e9b\u00e9"},"content":{"rendered":"<p>&#8211; S\u00e9parateur de garde-robe pour b\u00e9b\u00e9, pour une organisation pratique de ses v\u00eatements.<\/p>\n<p>&#8211; Divisez facilement les v\u00eatements par taille, \u00e2ge ou saison avec ces s\u00e9parateurs adorables et pratiques !<\/p>\n<p>&#8211; Fabriqu\u00e9s avec soin pour s&#8217;adapter parfaitement \u00e0 la tringle de la garde-robe de b\u00e9b\u00e9.<\/p>\n<p>-Dim: 10 cm X 18 cm<\/p>","protected":false},"excerpt":{"rendered":"<p>S\u00e9parateur de garde-robe pour b\u00e9b\u00e9<\/p>\n<p>Dimensions : 10&#215;18 cm<\/p>","protected":false},"featured_media":4507,"comment_status":"open","ping_status":"closed","template":"","meta":{"nf_dc_page":"","om_disable_all_campaigns":false,"_monsterinsights_skip_tracking":false,"_monsterinsights_sitenote_active":false,"_monsterinsights_sitenote_note":"","_monsterinsights_sitenote_category":0,"jetpack_publicize_message":"","jetpack_publicize_feature_enabled":true,"jetpack_social_post_already_shared":false,"jetpack_social_options":{"image_generator_settings":{"template":"highway","default_image_id":0,"font":"","enabled":false},"version":2}},"product_brand":[],"product_cat":[161],"product_tag":[],"class_list":{"0":"post-4440","1":"product","2":"type-product","3":"status-publish","4":"has-post-thumbnail","6":"product_cat-kids","8":"first","9":"instock","10":"taxable","11":"shipping-taxable","12":"purchasable","13":"product-type-simple"},"aioseo_notices":[],"jetpack_publicize_connections":[],"jetpack_sharing_enabled":true,"jetpack_likes_enabled":true,"wcpa_form_fields":null,"_links":{"self":[{"href":"https:\/\/mc3castellani.com\/fr\/wp-json\/wp\/v2\/product\/4440","targetHints":{"allow":["GET"]}}],"collection":[{"href":"https:\/\/mc3castellani.com\/fr\/wp-json\/wp\/v2\/product"}],"about":[{"href":"https:\/\/mc3castellani.com\/fr\/wp-json\/wp\/v2\/types\/product"}],"replies":[{"embeddable":true,"href":"https:\/\/mc3castellani.com\/fr\/wp-json\/wp\/v2\/comments?post=4440"}],"wp:featuredmedia":[{"embeddable":true,"href":"https:\/\/mc3castellani.com\/fr\/wp-json\/wp\/v2\/media\/4507"}],"wp:attachment":[{"href":"https:\/\/mc3castellani.com\/fr\/wp-json\/wp\/v2\/media?parent=4440"}],"wp:term":[{"taxonomy":"product_brand","embeddable":true,"href":"https:\/\/mc3castellani.com\/fr\/wp-json\/wp\/v2\/product_brand?post=4440"},{"taxonomy":"product_cat","embeddable":true,"href":"https:\/\/mc3castellani.com\/fr\/wp-json\/wp\/v2\/product_cat?post=4440"},{"taxonomy":"product_tag","embeddable":true,"href":"https:\/\/mc3castellani.com\/fr\/wp-json\/wp\/v2\/product_tag?post=4440"}],"curies":[{"name":"wp","href":"https:\/\/api.w.org\/{rel}","templated":true}]}}