{"id":4441,"date":"2024-02-14T20:54:19","date_gmt":"2024-02-15T06:54:19","guid":{"rendered":"https:\/\/mc3tahiti.com\/?post_type=product&#038;p=4441"},"modified":"2024-06-26T09:42:22","modified_gmt":"2024-06-26T19:42:22","slug":"puzzle-prenom","status":"publish","type":"product","link":"https:\/\/mc3castellani.com\/fr\/produit\/puzzle-prenom\/","title":{"rendered":"Puzzle pr\u00e9nom personnalisable"},"content":{"rendered":"<p>&#8211; Puzzle pr\u00e9nom en lettres de bois massif, mont\u00e9es sur une base en contreplaqu\u00e9 de peuplier de 9mm avec une finition \u00e0 la cire d&#8217;abeille.<\/p>\n<p>&#8211; Personnalisez ce puzzle avec le pr\u00e9nom de votre enfant pour lui permettre d&#8217;apprendre \u00e0 l&#8217;\u00e9crire en s&#8217;amusant !<\/p>\n<p>&#8211; Fabriqu\u00e9 avec soin et avec des mat\u00e9riaux de haute qualit\u00e9, ce puzzle est \u00e0 la fois amusant \u00e0 assembler et durable dans le temps.<\/p>\n<p>&#8211; prix pour un pr\u00e9nom jusqu&#8217;\u00e0 6 lettres.<\/p>\n<p>+500f xpf pour toutes lettres suppl\u00e9mentaires.<\/p>","protected":false},"excerpt":{"rendered":"<p>Puzzle pr\u00e9nom personnalisable<\/p>","protected":false},"featured_media":4508,"comment_status":"open","ping_status":"closed","template":"","meta":{"nf_dc_page":"","om_disable_all_campaigns":false,"_monsterinsights_skip_tracking":false,"_monsterinsights_sitenote_active":false,"_monsterinsights_sitenote_note":"","_monsterinsights_sitenote_category":0,"jetpack_publicize_message":"","jetpack_publicize_feature_enabled":true,"jetpack_social_post_already_shared":false,"jetpack_social_options":{"image_generator_settings":{"template":"highway","default_image_id":0,"font":"","enabled":false},"version":2}},"product_brand":[],"product_cat":[161],"product_tag":[],"class_list":{"0":"post-4441","1":"product","2":"type-product","3":"status-publish","4":"has-post-thumbnail","6":"product_cat-kids","7":"wcpa_has_options","9":"first","10":"instock","11":"taxable","12":"shipping-taxable","13":"purchasable","14":"product-type-simple"},"aioseo_notices":[],"jetpack_publicize_connections":[],"jetpack_sharing_enabled":true,"jetpack_likes_enabled":true,"wcpa_form_fields":{"wcpaData":{"product":{"product_price":6000,"price_html":"<span class=\"woocommerce-Price-amount amount\"><bdi><span class=\"woocommerce-Price-currencySymbol\">&#x46;&#x72;<\/span>6,000<\/bdi><\/span> <small class=\"woocommerce-price-suffix\">inc. T.V.A 16%<\/small>","original_product_price":6000,"price_including_tax":6000,"price_excluding_tax":5172.413792999999714083969593048095703125,"product_id":{"parent":4441,"variation":false},"is_variable":false,"stock_status":"instock","stock_quantity":null,"parent_sku":"","product_attributes":[],"custom_fields":[],"is_taxable":true,"product_name":"Puzzle pr\u00e9nom personnalisable"},"fields":{"sec_106639f65e02ddc":{"extra":{"key":"sec_106639f65e02ddc","section_id":"sec_106639f65e02ddc","name":"Default","status":1,"cl_rule":"show","enableCl":false,"relations":[],"toggle":true,"title_tag":"h3","show_title":false,"showPrice":"default","form_id":4928,"form_rules":{"exclude_from_discount":false,"fee_label":"Fee","disp_hide_options_price":false,"disp_show_section_price":false,"disp_show_field_price":true,"layout_option":"standard","pric_use_as_fee":false,"process_fee_as":"woo_fee"},"layout_option":"standard"},"fields":[[{"active":true,"col":6,"relations":false,"cl_rule":"show","enableCl":false,"price":"6<{field.text_0746655361.value.length}?(({field.text_0746655361.value.length}-6)*500):0","enablePrice":true,"className":"","label_position":"default","desc_position":"default","type":"text","subtype":"text","required":false,"elementId":"text_0746655361","label":"Enter name","name":"text_0746655361","value":"","error":false,"pricingType":"custom","isTemplate":false,"gt_translate_keys":["label","value"],"price_dependency":["text_0746655361"],"cl_dependency":false}]]}},"config":{"price_override":"","enable_recaptcha":false,"bind_quantity":false,"quantity_bind_formula":false,"disp_summ_show_option_price":true,"disp_summ_show_product_price":true,"disp_summ_show_total_price":true,"disp_summ_show_fee":false,"disp_summ_show_discount":false,"summary_title":"","options_total_label":"Options Price","total_label":"Total","options_product_label":"Product Price","fee_label":"Fee","discount_label":"Discount","has_price":true,"has_quantity_formula":false},"mc_unit":1,"tax_rate":1,"tax_rate_real":0.1600000000000000033306690738754696212708950042724609375,"discount":{"percentage":0,"fixed":0},"design":{"conf":{"LabelPosition":"above","DescPosition":"above","UploadField":"custom_1","QuantityFieldStyle":"default"},"css":{"LeftLabelWidth":"120px"}},"formulas":[],"clones":false,"cartKey":false}},"_links":{"self":[{"href":"https:\/\/mc3castellani.com\/fr\/wp-json\/wp\/v2\/product\/4441","targetHints":{"allow":["GET"]}}],"collection":[{"href":"https:\/\/mc3castellani.com\/fr\/wp-json\/wp\/v2\/product"}],"about":[{"href":"https:\/\/mc3castellani.com\/fr\/wp-json\/wp\/v2\/types\/product"}],"replies":[{"embeddable":true,"href":"https:\/\/mc3castellani.com\/fr\/wp-json\/wp\/v2\/comments?post=4441"}],"wp:featuredmedia":[{"embeddable":true,"href":"https:\/\/mc3castellani.com\/fr\/wp-json\/wp\/v2\/media\/4508"}],"wp:attachment":[{"href":"https:\/\/mc3castellani.com\/fr\/wp-json\/wp\/v2\/media?parent=4441"}],"wp:term":[{"taxonomy":"product_brand","embeddable":true,"href":"https:\/\/mc3castellani.com\/fr\/wp-json\/wp\/v2\/product_brand?post=4441"},{"taxonomy":"product_cat","embeddable":true,"href":"https:\/\/mc3castellani.com\/fr\/wp-json\/wp\/v2\/product_cat?post=4441"},{"taxonomy":"product_tag","embeddable":true,"href":"https:\/\/mc3castellani.com\/fr\/wp-json\/wp\/v2\/product_tag?post=4441"}],"curies":[{"name":"wp","href":"https:\/\/api.w.org\/{rel}","templated":true}]}}