{"id":4548,"date":"2024-03-24T21:17:10","date_gmt":"2024-03-25T07:17:10","guid":{"rendered":"https:\/\/mc3tahiti.com\/?post_type=product&#038;p=4548"},"modified":"2024-07-26T21:10:27","modified_gmt":"2024-07-27T07:10:27","slug":"cake-topper-personnalise","status":"publish","type":"product","link":"https:\/\/mc3castellani.com\/fr\/produit\/cake-topper-personnalise\/","title":{"rendered":"Cake topper personnalis\u00e9"},"content":{"rendered":"<p>&#8211; Cake topper personnalisable, touche finale parfaite pour votre g\u00e2teau d&#8217;anniversaire ou toute autre occasion sp\u00e9ciale!<\/p>\n<p>&#8211; Choisissez parmi une vari\u00e9t\u00e9 de designs pour cr\u00e9er un topper unique.<\/p>\n<p>&#8211; les tailles peuvent varier entre 20cm et 25 cm de largeur.<\/p>\n<p>&#8211; Transformez votre g\u00e2teau en \u0153uvre d&#8217;art r\u00e9utilisable !<\/p>","protected":false},"excerpt":{"rendered":"<p>Cake topper r\u00e9utilisable et personnalisable.<\/p>\n<p>Dimensions : Entre 20 et 25 CMS suivant les mod\u00e8les.<\/p>","protected":false},"featured_media":4551,"comment_status":"open","ping_status":"closed","template":"","meta":{"nf_dc_page":"","om_disable_all_campaigns":false,"_monsterinsights_skip_tracking":false,"_monsterinsights_sitenote_active":false,"_monsterinsights_sitenote_note":"","_monsterinsights_sitenote_category":0,"jetpack_publicize_message":"","jetpack_publicize_feature_enabled":true,"jetpack_social_post_already_shared":false,"jetpack_social_options":{"image_generator_settings":{"template":"highway","default_image_id":0,"font":"","enabled":false},"version":2}},"product_brand":[],"product_cat":[169],"product_tag":[],"class_list":{"0":"post-4548","1":"product","2":"type-product","3":"status-publish","4":"has-post-thumbnail","6":"product_cat-events","7":"wcpa_has_options","9":"first","10":"instock","11":"taxable","12":"shipping-taxable","13":"purchasable","14":"product-type-simple"},"aioseo_notices":[],"jetpack_publicize_connections":[],"jetpack_sharing_enabled":true,"jetpack_likes_enabled":true,"wcpa_form_fields":{"wcpaData":{"product":{"product_price":5000,"price_html":"<span class=\"woocommerce-Price-amount amount\"><bdi><span class=\"woocommerce-Price-currencySymbol\">&#x46;&#x72;<\/span>5,000<\/bdi><\/span> <small class=\"woocommerce-price-suffix\">inc. T.V.A 16%<\/small>","original_product_price":5000,"price_including_tax":5000,"price_excluding_tax":4310.3448280000002341694198548793792724609375,"product_id":{"parent":4548,"variation":false},"is_variable":false,"stock_status":"instock","stock_quantity":null,"parent_sku":"","product_attributes":[],"custom_fields":[],"is_taxable":true,"product_name":"Cake topper personnalis\u00e9"},"fields":{"sec_26601211ec6e00":{"extra":{"key":"sec_26601211ec6e00","section_id":"sec_26601211ec6e00","name":"Default","status":1,"cl_rule":"show","enableCl":false,"relations":[],"toggle":true,"title_tag":"h3","show_title":false,"showPrice":"default","form_id":4550,"form_rules":{"exclude_from_discount":false,"fee_label":"Fee","disp_hide_options_price":false,"disp_show_section_price":false,"disp_show_field_price":true,"layout_option":"standard","pric_use_as_fee":false,"process_fee_as":"woo_fee"},"layout_option":"standard"},"fields":[[{"active":true,"col":6,"relations":false,"cl_rule":"show","enableCl":false,"price":"","enablePrice":false,"className":"","label_position":"default","desc_position":"default","type":"select","required":true,"elementId":"select_3500780381","label":"Select your material","name":"select_3500780381","values":[{"label":"Basswood","value":"Option - 1","selected":false,"tempId":"aco_214","gt_translate_keys":["label"]},{"label":"Cherry","value":"option - 2","selected":false,"tempId":"aco_658","gt_translate_keys":["label"]},{"label":"Red sparkle Plexi","value":"Option - 3","selected":false,"tempId":"aco_215","gt_translate_keys":["label"]},{"label":"Gold sparkle Plexi","value":"Option - 4","selected":false,"tempId":"aco_216","gt_translate_keys":["label"]}],"dropdown_type":"basic","error":false,"gt_translate_keys":["label"],"price_dependency":false,"cl_dependency":false,"value":""}]]},"sec_76517dc30a4a45":{"extra":{"key":"sec_76517dc30a4a45","section_id":"sec_76517dc30a4a45","name":"Default","status":1,"toggle":true,"form_id":3941,"form_rules":{"exclude_from_discount":false,"fee_label":"Fee","disp_hide_options_price":false,"disp_show_section_price":false,"disp_show_field_price":true,"layout_option":"standard","pric_use_as_fee":false,"process_fee_as":"woo_fee"},"layout_option":"standard"},"fields":[[{"active":true,"col":6,"relations":[{"operator":false,"rules":[{"operator":false,"rules":{"cl_field":"","cl_relation":"","cl_val":""}}]}],"cl_rule":"show","enableCl":false,"price":"2000","enablePrice":false,"className":"","label_position":"default","desc_position":"default","type":"checkbox","required":false,"elementId":"checkbox_7706736825","label":"Customisation","name":"checkbox_7706736825","value":"","check_value":"Yes","checkUi":"","error":false,"use_as_fee":true,"pricingType":"fixed","gt_translate_keys":["label","value","check_value"],"price_dependency":false,"cl_dependency":["textarea_3520201447"]}],[{"active":true,"col":6,"relations":[{"operator":false,"rules":[{"operator":"AND","rules":{"cl_field":"checkbox_7706736825","cl_relation":"is","cl_val":false}}]}],"cl_rule":"hide","enableCl":true,"price":"2000","enablePrice":false,"className":"","label_position":"default","desc_position":"default","type":"textarea","required":false,"elementId":"textarea_3520201447","label":"Enter a name or message","name":"textarea_3520201447","value":"","rows":2,"error":false,"pricingType":"fixed","use_as_fee":true,"gt_translate_keys":["label","value"],"price_dependency":false,"cl_dependency":false}]]}},"config":{"price_override":"","enable_recaptcha":false,"bind_quantity":false,"quantity_bind_formula":false,"disp_summ_show_option_price":true,"disp_summ_show_product_price":true,"disp_summ_show_total_price":true,"disp_summ_show_fee":false,"disp_summ_show_discount":false,"summary_title":"","options_total_label":"Options Price","total_label":"Total","options_product_label":"Product Price","fee_label":"Fee","discount_label":"Discount","has_price":true,"has_quantity_formula":false},"mc_unit":1,"tax_rate":1,"tax_rate_real":0.1600000000000000033306690738754696212708950042724609375,"discount":{"percentage":0,"fixed":0},"design":{"conf":{"LabelPosition":"above","DescPosition":"above","UploadField":"custom_1","QuantityFieldStyle":"default"},"css":{"LeftLabelWidth":"120px"}},"formulas":[],"clones":false,"cartKey":false}},"_links":{"self":[{"href":"https:\/\/mc3castellani.com\/fr\/wp-json\/wp\/v2\/product\/4548","targetHints":{"allow":["GET"]}}],"collection":[{"href":"https:\/\/mc3castellani.com\/fr\/wp-json\/wp\/v2\/product"}],"about":[{"href":"https:\/\/mc3castellani.com\/fr\/wp-json\/wp\/v2\/types\/product"}],"replies":[{"embeddable":true,"href":"https:\/\/mc3castellani.com\/fr\/wp-json\/wp\/v2\/comments?post=4548"}],"wp:featuredmedia":[{"embeddable":true,"href":"https:\/\/mc3castellani.com\/fr\/wp-json\/wp\/v2\/media\/4551"}],"wp:attachment":[{"href":"https:\/\/mc3castellani.com\/fr\/wp-json\/wp\/v2\/media?parent=4548"}],"wp:term":[{"taxonomy":"product_brand","embeddable":true,"href":"https:\/\/mc3castellani.com\/fr\/wp-json\/wp\/v2\/product_brand?post=4548"},{"taxonomy":"product_cat","embeddable":true,"href":"https:\/\/mc3castellani.com\/fr\/wp-json\/wp\/v2\/product_cat?post=4548"},{"taxonomy":"product_tag","embeddable":true,"href":"https:\/\/mc3castellani.com\/fr\/wp-json\/wp\/v2\/product_tag?post=4548"}],"curies":[{"name":"wp","href":"https:\/\/api.w.org\/{rel}","templated":true}]}}