{"id":4562,"date":"2024-03-26T11:35:44","date_gmt":"2024-03-26T21:35:44","guid":{"rendered":"https:\/\/mc3tahiti.com\/?post_type=product&#038;p=4562"},"modified":"2024-08-01T14:26:00","modified_gmt":"2024-08-02T00:26:00","slug":"plaque-naissance-rond","status":"publish","type":"product","link":"https:\/\/mc3castellani.com\/fr\/produit\/plaque-naissance-rond\/","title":{"rendered":"Plaque  de naissance ronde"},"content":{"rendered":"<p>&#8211; Cr\u00e9ez un souvenir inoubliable avec notre plaque de naissance ronde en contreplaqu\u00e9 de peuplier de 3mm.<\/p>\n<p>&#8211; Ajoutez une touche d&#8217;\u00e9l\u00e9gance \u00e0 la d\u00e9coration de la chambre de b\u00e9b\u00e9 avec cette plaque en bois l\u00e9g\u00e8re et d\u00e9licate.<\/p>\n<p>&#8211; pr\u00e9nom au choix<\/p>\n<p>Dim: 12cm<\/p>","protected":false},"excerpt":{"rendered":"<p>plaque de naissance pour c\u00e9l\u00e9brer l&#8217;arriv\u00e9e de b\u00e9b\u00e9 !<\/p>\n<p>Dimensions: 12 cm<\/p>","protected":false},"featured_media":4563,"comment_status":"open","ping_status":"closed","template":"","meta":{"nf_dc_page":"","om_disable_all_campaigns":false,"_monsterinsights_skip_tracking":false,"_monsterinsights_sitenote_active":false,"_monsterinsights_sitenote_note":"","_monsterinsights_sitenote_category":0,"jetpack_publicize_message":"","jetpack_publicize_feature_enabled":true,"jetpack_social_post_already_shared":false,"jetpack_social_options":{"image_generator_settings":{"template":"highway","default_image_id":0,"font":"","enabled":false},"version":2}},"product_brand":[],"product_cat":[161],"product_tag":[],"class_list":{"0":"post-4562","1":"product","2":"type-product","3":"status-publish","4":"has-post-thumbnail","6":"product_cat-kids","8":"first","9":"instock","10":"taxable","11":"shipping-taxable","12":"purchasable","13":"product-type-simple"},"aioseo_notices":[],"jetpack_publicize_connections":[],"jetpack_sharing_enabled":true,"jetpack_likes_enabled":true,"wcpa_form_fields":null,"_links":{"self":[{"href":"https:\/\/mc3castellani.com\/fr\/wp-json\/wp\/v2\/product\/4562","targetHints":{"allow":["GET"]}}],"collection":[{"href":"https:\/\/mc3castellani.com\/fr\/wp-json\/wp\/v2\/product"}],"about":[{"href":"https:\/\/mc3castellani.com\/fr\/wp-json\/wp\/v2\/types\/product"}],"replies":[{"embeddable":true,"href":"https:\/\/mc3castellani.com\/fr\/wp-json\/wp\/v2\/comments?post=4562"}],"wp:featuredmedia":[{"embeddable":true,"href":"https:\/\/mc3castellani.com\/fr\/wp-json\/wp\/v2\/media\/4563"}],"wp:attachment":[{"href":"https:\/\/mc3castellani.com\/fr\/wp-json\/wp\/v2\/media?parent=4562"}],"wp:term":[{"taxonomy":"product_brand","embeddable":true,"href":"https:\/\/mc3castellani.com\/fr\/wp-json\/wp\/v2\/product_brand?post=4562"},{"taxonomy":"product_cat","embeddable":true,"href":"https:\/\/mc3castellani.com\/fr\/wp-json\/wp\/v2\/product_cat?post=4562"},{"taxonomy":"product_tag","embeddable":true,"href":"https:\/\/mc3castellani.com\/fr\/wp-json\/wp\/v2\/product_tag?post=4562"}],"curies":[{"name":"wp","href":"https:\/\/api.w.org\/{rel}","templated":true}]}}