{"id":4564,"date":"2024-03-26T11:36:39","date_gmt":"2024-03-26T21:36:39","guid":{"rendered":"https:\/\/mc3tahiti.com\/?post_type=product&#038;p=4564"},"modified":"2024-06-26T09:33:33","modified_gmt":"2024-06-26T19:33:33","slug":"plaque-naissance-ballon","status":"publish","type":"product","link":"https:\/\/mc3castellani.com\/fr\/produit\/plaque-naissance-ballon\/","title":{"rendered":"Plaque de naissance en forme de ballon"},"content":{"rendered":"<p>&#8211; Une plaque de naissance adorable en forme de ballon, parfaite pour c\u00e9l\u00e9brer l&#8217;arriv\u00e9e d&#8217;un nouveau-n\u00e9!<\/p>\n<p>&#8211; Personnalisez-la avec le pr\u00e9nom du b\u00e9b\u00e9, sa date de naissance ou tout autre d\u00e9tail de votre choix pour en faire un souvenir unique et pr\u00e9cieux.<\/p>\n<p>&#8211; Ajoutez une touche de douceur et de joie \u00e0 la d\u00e9coration de la chambre du b\u00e9b\u00e9 avec cette plaque personnalis\u00e9e en forme de ballon.<\/p>\n<p>&#8211; Dim:20cm<\/p>","protected":false},"excerpt":{"rendered":"<p>Plaque de naissance en forme de ballon<\/p>\n<p>Dimensions : 20 cm<\/p>","protected":false},"featured_media":4565,"comment_status":"open","ping_status":"closed","template":"","meta":{"nf_dc_page":"","om_disable_all_campaigns":false,"_monsterinsights_skip_tracking":false,"_monsterinsights_sitenote_active":false,"_monsterinsights_sitenote_note":"","_monsterinsights_sitenote_category":0,"jetpack_publicize_message":"","jetpack_publicize_feature_enabled":true,"jetpack_social_post_already_shared":false,"jetpack_social_options":{"image_generator_settings":{"template":"highway","default_image_id":0,"font":"","enabled":false},"version":2}},"product_brand":[],"product_cat":[161],"product_tag":[],"class_list":{"0":"post-4564","1":"product","2":"type-product","3":"status-publish","4":"has-post-thumbnail","6":"product_cat-kids","8":"first","9":"instock","10":"taxable","11":"shipping-taxable","12":"purchasable","13":"product-type-simple"},"aioseo_notices":[],"jetpack_publicize_connections":[],"jetpack_sharing_enabled":true,"jetpack_likes_enabled":true,"wcpa_form_fields":null,"_links":{"self":[{"href":"https:\/\/mc3castellani.com\/fr\/wp-json\/wp\/v2\/product\/4564","targetHints":{"allow":["GET"]}}],"collection":[{"href":"https:\/\/mc3castellani.com\/fr\/wp-json\/wp\/v2\/product"}],"about":[{"href":"https:\/\/mc3castellani.com\/fr\/wp-json\/wp\/v2\/types\/product"}],"replies":[{"embeddable":true,"href":"https:\/\/mc3castellani.com\/fr\/wp-json\/wp\/v2\/comments?post=4564"}],"wp:featuredmedia":[{"embeddable":true,"href":"https:\/\/mc3castellani.com\/fr\/wp-json\/wp\/v2\/media\/4565"}],"wp:attachment":[{"href":"https:\/\/mc3castellani.com\/fr\/wp-json\/wp\/v2\/media?parent=4564"}],"wp:term":[{"taxonomy":"product_brand","embeddable":true,"href":"https:\/\/mc3castellani.com\/fr\/wp-json\/wp\/v2\/product_brand?post=4564"},{"taxonomy":"product_cat","embeddable":true,"href":"https:\/\/mc3castellani.com\/fr\/wp-json\/wp\/v2\/product_cat?post=4564"},{"taxonomy":"product_tag","embeddable":true,"href":"https:\/\/mc3castellani.com\/fr\/wp-json\/wp\/v2\/product_tag?post=4564"}],"curies":[{"name":"wp","href":"https:\/\/api.w.org\/{rel}","templated":true}]}}