{"id":4566,"date":"2024-03-26T11:57:28","date_gmt":"2024-03-26T21:57:28","guid":{"rendered":"https:\/\/mc3tahiti.com\/?post_type=product&#038;p=4566"},"modified":"2024-07-23T08:08:45","modified_gmt":"2024-07-23T18:08:45","slug":"planche-ecriture","status":"publish","type":"product","link":"https:\/\/mc3castellani.com\/fr\/produit\/planche-ecriture\/","title":{"rendered":"Planche d&#8217;apprentissage de l&#8217;\u00e9criture"},"content":{"rendered":"<p>Make learning fun with our Learn to Write Board. Crafted from sturdy plywood, this board features the alphabet indented into the surface, allowing kids to trace the grooves with their fingers or a writing tool. Perfect for developing fine motor skills and letter recognition, this educational tool is a valuable addition to any child&#8217;s learning journey.<\/p>\n<p>&#8211; Planche d&#8217;\u00e9criture \u00e0 tracer en contreplaqu\u00e9 de bouleau de 9mm, con\u00e7ue pour l&#8217;apprentissage de l&#8217;\u00e9criture.<\/p>\n<p>&#8211; Avec deux faces disponibles, cette planche offre une vari\u00e9t\u00e9 d&#8217;exercices pour pratiquer l&#8217;\u00e9criture \u00e0 la main.<\/p>\n<p>&#8211; Parfait pour les enfants en apprentissage de l&#8217;\u00e9criture ou pour les personnes cherchant \u00e0 am\u00e9liorer leur calligraphie.<\/p>\n<p>&#8211; Dim :  Format A4<\/p>","protected":false},"excerpt":{"rendered":"<p>Planche d&#8217;apprentissage pour l&#8217;\u00e9criture.<\/p>\n<p>Dimensions : A4<\/p>","protected":false},"featured_media":4569,"comment_status":"open","ping_status":"closed","template":"","meta":{"nf_dc_page":"","om_disable_all_campaigns":false,"_monsterinsights_skip_tracking":false,"_monsterinsights_sitenote_active":false,"_monsterinsights_sitenote_note":"","_monsterinsights_sitenote_category":0,"jetpack_publicize_message":"","jetpack_publicize_feature_enabled":true,"jetpack_social_post_already_shared":false,"jetpack_social_options":{"image_generator_settings":{"template":"highway","default_image_id":0,"font":"","enabled":false},"version":2}},"product_brand":[],"product_cat":[161],"product_tag":[],"class_list":{"0":"post-4566","1":"product","2":"type-product","3":"status-publish","4":"has-post-thumbnail","6":"product_cat-kids","7":"wcpa_has_options","9":"first","10":"outofstock","11":"taxable","12":"shipping-taxable","13":"purchasable","14":"product-type-simple"},"aioseo_notices":[],"jetpack_publicize_connections":[],"jetpack_sharing_enabled":true,"jetpack_likes_enabled":true,"wcpa_form_fields":{"wcpaData":{"product":{"product_price":4500,"price_html":"<span class=\"woocommerce-Price-amount amount\"><bdi><span class=\"woocommerce-Price-currencySymbol\">&#x46;&#x72;<\/span>4,500<\/bdi><\/span> <small class=\"woocommerce-price-suffix\">inc. T.V.A 16%<\/small>","original_product_price":4500,"price_including_tax":4500,"price_excluding_tax":3879.310344999999870196916162967681884765625,"product_id":{"parent":4566,"variation":false},"is_variable":false,"stock_status":"outofstock","stock_quantity":null,"parent_sku":"","product_attributes":[],"custom_fields":[],"is_taxable":true,"product_name":"Planche d'apprentissage de l'\u00e9criture"},"fields":{"sec_76517dc30a4a45":{"extra":{"key":"sec_76517dc30a4a45","section_id":"sec_76517dc30a4a45","name":"Default","status":1,"toggle":true,"form_id":3941,"form_rules":{"exclude_from_discount":false,"fee_label":"Fee","disp_hide_options_price":false,"disp_show_section_price":false,"disp_show_field_price":true,"layout_option":"standard","pric_use_as_fee":false,"process_fee_as":"woo_fee"},"layout_option":"standard"},"fields":[[{"active":true,"col":6,"relations":[{"operator":false,"rules":[{"operator":false,"rules":{"cl_field":"","cl_relation":"","cl_val":""}}]}],"cl_rule":"show","enableCl":false,"price":"2000","enablePrice":false,"className":"","label_position":"default","desc_position":"default","type":"checkbox","required":false,"elementId":"checkbox_7706736825","label":"Customisation","name":"checkbox_7706736825","value":"","check_value":"Yes","checkUi":"","error":false,"use_as_fee":true,"pricingType":"fixed","gt_translate_keys":["label","value","check_value"],"price_dependency":false,"cl_dependency":["textarea_3520201447"]}],[{"active":true,"col":6,"relations":[{"operator":false,"rules":[{"operator":"AND","rules":{"cl_field":"checkbox_7706736825","cl_relation":"is","cl_val":false}}]}],"cl_rule":"hide","enableCl":true,"price":"2000","enablePrice":false,"className":"","label_position":"default","desc_position":"default","type":"textarea","required":false,"elementId":"textarea_3520201447","label":"Enter a name or message","name":"textarea_3520201447","value":"","rows":2,"error":false,"pricingType":"fixed","use_as_fee":true,"gt_translate_keys":["label","value"],"price_dependency":false,"cl_dependency":false}]]}},"config":{"price_override":"","enable_recaptcha":false,"bind_quantity":false,"quantity_bind_formula":false,"disp_summ_show_option_price":true,"disp_summ_show_product_price":true,"disp_summ_show_total_price":true,"disp_summ_show_fee":false,"disp_summ_show_discount":false,"summary_title":"","options_total_label":"Options Price","total_label":"Total","options_product_label":"Product Price","fee_label":"Fee","discount_label":"Discount","has_price":true,"has_quantity_formula":false},"mc_unit":1,"tax_rate":1,"tax_rate_real":0.1600000000000000033306690738754696212708950042724609375,"discount":{"percentage":0,"fixed":0},"design":{"conf":{"LabelPosition":"above","DescPosition":"above","UploadField":"custom_1","QuantityFieldStyle":"default"},"css":{"LeftLabelWidth":"120px"}},"formulas":[],"clones":false,"cartKey":false}},"_links":{"self":[{"href":"https:\/\/mc3castellani.com\/fr\/wp-json\/wp\/v2\/product\/4566","targetHints":{"allow":["GET"]}}],"collection":[{"href":"https:\/\/mc3castellani.com\/fr\/wp-json\/wp\/v2\/product"}],"about":[{"href":"https:\/\/mc3castellani.com\/fr\/wp-json\/wp\/v2\/types\/product"}],"replies":[{"embeddable":true,"href":"https:\/\/mc3castellani.com\/fr\/wp-json\/wp\/v2\/comments?post=4566"}],"wp:featuredmedia":[{"embeddable":true,"href":"https:\/\/mc3castellani.com\/fr\/wp-json\/wp\/v2\/media\/4569"}],"wp:attachment":[{"href":"https:\/\/mc3castellani.com\/fr\/wp-json\/wp\/v2\/media?parent=4566"}],"wp:term":[{"taxonomy":"product_brand","embeddable":true,"href":"https:\/\/mc3castellani.com\/fr\/wp-json\/wp\/v2\/product_brand?post=4566"},{"taxonomy":"product_cat","embeddable":true,"href":"https:\/\/mc3castellani.com\/fr\/wp-json\/wp\/v2\/product_cat?post=4566"},{"taxonomy":"product_tag","embeddable":true,"href":"https:\/\/mc3castellani.com\/fr\/wp-json\/wp\/v2\/product_tag?post=4566"}],"curies":[{"name":"wp","href":"https:\/\/api.w.org\/{rel}","templated":true}]}}