{"id":4575,"date":"2024-03-26T13:51:45","date_gmt":"2024-03-26T23:51:45","guid":{"rendered":"https:\/\/mc3tahiti.com\/?post_type=product&#038;p=4575"},"modified":"2024-08-06T11:57:28","modified_gmt":"2024-08-06T21:57:28","slug":"tour-dapprentisage","status":"publish","type":"product","link":"https:\/\/mc3castellani.com\/fr\/produit\/tour-dapprentisage\/","title":{"rendered":"Tour d&#8217;apprentissage"},"content":{"rendered":"<p>&#8211; Tour d&#8217;apprentissage en contreplaqu\u00e9 de bouleau de 18mm, personnalisable selon vos pr\u00e9f\u00e9rences.<\/p>\n<p>&#8211; Equip\u00e9e d&#8217;un bar de protection d\u00e9tachable pour une s\u00e9curit\u00e9 optimum lors de l&#8217;utilisation.<\/p>\n<p>&#8211; Offrez \u00e0 votre enfant un support s\u00fbr et personnalis\u00e9 pour explorer et apprendre en toute autonomie!<\/p>","protected":false},"excerpt":{"rendered":"<p>Tour d&#8217;apprentissage<\/p>","protected":false},"featured_media":4580,"comment_status":"open","ping_status":"closed","template":"","meta":{"nf_dc_page":"","om_disable_all_campaigns":false,"_monsterinsights_skip_tracking":false,"_monsterinsights_sitenote_active":false,"_monsterinsights_sitenote_note":"","_monsterinsights_sitenote_category":0,"jetpack_publicize_message":"","jetpack_publicize_feature_enabled":true,"jetpack_social_post_already_shared":false,"jetpack_social_options":{"image_generator_settings":{"template":"highway","default_image_id":0,"font":"","enabled":false},"version":2}},"product_brand":[],"product_cat":[161],"product_tag":[],"class_list":{"0":"post-4575","1":"product","2":"type-product","3":"status-publish","4":"has-post-thumbnail","6":"product_cat-kids","8":"first","9":"outofstock","10":"taxable","11":"shipping-taxable","12":"purchasable","13":"product-type-variable"},"aioseo_notices":[],"jetpack_publicize_connections":[],"jetpack_sharing_enabled":true,"jetpack_likes_enabled":true,"wcpa_form_fields":null,"_links":{"self":[{"href":"https:\/\/mc3castellani.com\/fr\/wp-json\/wp\/v2\/product\/4575","targetHints":{"allow":["GET"]}}],"collection":[{"href":"https:\/\/mc3castellani.com\/fr\/wp-json\/wp\/v2\/product"}],"about":[{"href":"https:\/\/mc3castellani.com\/fr\/wp-json\/wp\/v2\/types\/product"}],"replies":[{"embeddable":true,"href":"https:\/\/mc3castellani.com\/fr\/wp-json\/wp\/v2\/comments?post=4575"}],"wp:featuredmedia":[{"embeddable":true,"href":"https:\/\/mc3castellani.com\/fr\/wp-json\/wp\/v2\/media\/4580"}],"wp:attachment":[{"href":"https:\/\/mc3castellani.com\/fr\/wp-json\/wp\/v2\/media?parent=4575"}],"wp:term":[{"taxonomy":"product_brand","embeddable":true,"href":"https:\/\/mc3castellani.com\/fr\/wp-json\/wp\/v2\/product_brand?post=4575"},{"taxonomy":"product_cat","embeddable":true,"href":"https:\/\/mc3castellani.com\/fr\/wp-json\/wp\/v2\/product_cat?post=4575"},{"taxonomy":"product_tag","embeddable":true,"href":"https:\/\/mc3castellani.com\/fr\/wp-json\/wp\/v2\/product_tag?post=4575"}],"curies":[{"name":"wp","href":"https:\/\/api.w.org\/{rel}","templated":true}]}}