{"id":4584,"date":"2024-03-26T14:05:43","date_gmt":"2024-03-27T00:05:43","guid":{"rendered":"https:\/\/mc3tahiti.com\/?post_type=product&#038;p=4584"},"modified":"2024-06-26T08:21:03","modified_gmt":"2024-06-26T18:21:03","slug":"fleur-decorative-avec-mirroir","status":"publish","type":"product","link":"https:\/\/mc3castellani.com\/fr\/produit\/fleur-decorative-avec-mirroir\/","title":{"rendered":"Miroir en forme de fleur"},"content":{"rendered":"<p>-Magnifique miroir d\u00e9coratif en forme de fleur, orn\u00e9 d&#8217;un design de tissage ajour\u00e9.<\/p>\n<p>&#8211; Ajoutez une touche \u00e9l\u00e9gante et artistique \u00e0 votre espace avec ce miroir unique!<\/p>\n<p>&#8211; Parfait pour apporter de la luminosit\u00e9 et du style \u00e0 n&#8217;importe quelle pi\u00e8ce de votre maison.<\/p>\n<p>Dim: 59.5cm<\/p>","protected":false},"excerpt":{"rendered":"<p><em><strong>Miroir en forme de fleur tropicale.<\/strong><\/em><\/p>\n<p><em><strong>Dimensions : 59,5 cm<\/strong><\/em><\/p>\n<p><em><strong>Produit non exp\u00e9diable. <\/strong><\/em><\/p>","protected":false},"featured_media":4585,"comment_status":"open","ping_status":"closed","template":"","meta":{"nf_dc_page":"","om_disable_all_campaigns":false,"_monsterinsights_skip_tracking":false,"_monsterinsights_sitenote_active":false,"_monsterinsights_sitenote_note":"","_monsterinsights_sitenote_category":0,"jetpack_publicize_message":"","jetpack_publicize_feature_enabled":true,"jetpack_social_post_already_shared":false,"jetpack_social_options":{"image_generator_settings":{"template":"highway","default_image_id":0,"font":"","enabled":false},"version":2}},"product_brand":[],"product_cat":[160,161],"product_tag":[],"class_list":{"0":"post-4584","1":"product","2":"type-product","3":"status-publish","4":"has-post-thumbnail","6":"product_cat-decor","7":"product_cat-kids","9":"first","10":"instock","11":"taxable","12":"shipping-taxable","13":"purchasable","14":"product-type-simple"},"aioseo_notices":[],"jetpack_publicize_connections":[],"jetpack_sharing_enabled":true,"jetpack_likes_enabled":true,"wcpa_form_fields":null,"_links":{"self":[{"href":"https:\/\/mc3castellani.com\/fr\/wp-json\/wp\/v2\/product\/4584","targetHints":{"allow":["GET"]}}],"collection":[{"href":"https:\/\/mc3castellani.com\/fr\/wp-json\/wp\/v2\/product"}],"about":[{"href":"https:\/\/mc3castellani.com\/fr\/wp-json\/wp\/v2\/types\/product"}],"replies":[{"embeddable":true,"href":"https:\/\/mc3castellani.com\/fr\/wp-json\/wp\/v2\/comments?post=4584"}],"wp:featuredmedia":[{"embeddable":true,"href":"https:\/\/mc3castellani.com\/fr\/wp-json\/wp\/v2\/media\/4585"}],"wp:attachment":[{"href":"https:\/\/mc3castellani.com\/fr\/wp-json\/wp\/v2\/media?parent=4584"}],"wp:term":[{"taxonomy":"product_brand","embeddable":true,"href":"https:\/\/mc3castellani.com\/fr\/wp-json\/wp\/v2\/product_brand?post=4584"},{"taxonomy":"product_cat","embeddable":true,"href":"https:\/\/mc3castellani.com\/fr\/wp-json\/wp\/v2\/product_cat?post=4584"},{"taxonomy":"product_tag","embeddable":true,"href":"https:\/\/mc3castellani.com\/fr\/wp-json\/wp\/v2\/product_tag?post=4584"}],"curies":[{"name":"wp","href":"https:\/\/api.w.org\/{rel}","templated":true}]}}