{"id":4589,"date":"2024-03-26T14:10:30","date_gmt":"2024-03-27T00:10:30","guid":{"rendered":"https:\/\/mc3tahiti.com\/?post_type=product&#038;p=4589"},"modified":"2024-06-26T10:20:54","modified_gmt":"2024-06-26T20:20:54","slug":"peace-signaletique","status":"publish","type":"product","link":"https:\/\/mc3castellani.com\/fr\/produit\/peace-signaletique\/","title":{"rendered":"Symbole de la paix"},"content":{"rendered":"<p>&#8211; Ajoutez une touche de style \u00e0 votre espace avec notre d\u00e9coration murale repr\u00e9sentant le signe de paix, r\u00e9alis\u00e9e avec du contreplaqu\u00e9 peuplier de 3mm et agr\u00e9ment\u00e9e d&#8217;un tissage unique.<\/p>\n<p>&#8211; Inspir\u00e9e par les valeurs de l&#8217;harmonie et de la bienveillance, cette pi\u00e8ce apportera une ambiance positive \u00e0 n&#8217;importe quelle pi\u00e8cede votre maison!<\/p>\n<p>&#8211; Dim: 60cm<\/p>","protected":false},"excerpt":{"rendered":"<p><em><strong>D\u00e9coration murale repr\u00e9sentant le symbole de la paix <\/strong><\/em><\/p>\n<p><em><strong>Dimensions :  60 cm<\/strong><\/em><\/p>\n<p><em><strong>Produit non e<\/strong><\/em>xp\u00e9diable.<\/p>","protected":false},"featured_media":4587,"comment_status":"open","ping_status":"closed","template":"","meta":{"nf_dc_page":"","om_disable_all_campaigns":false,"_monsterinsights_skip_tracking":false,"_monsterinsights_sitenote_active":false,"_monsterinsights_sitenote_note":"","_monsterinsights_sitenote_category":0,"jetpack_publicize_message":"","jetpack_publicize_feature_enabled":true,"jetpack_social_post_already_shared":false,"jetpack_social_options":{"image_generator_settings":{"template":"highway","default_image_id":0,"font":"","enabled":false},"version":2}},"product_brand":[],"product_cat":[160],"product_tag":[],"class_list":{"0":"post-4589","1":"product","2":"type-product","3":"status-publish","4":"has-post-thumbnail","6":"product_cat-decor","8":"first","9":"instock","10":"taxable","11":"shipping-taxable","12":"purchasable","13":"product-type-simple"},"aioseo_notices":[],"jetpack_publicize_connections":[],"jetpack_sharing_enabled":true,"jetpack_likes_enabled":true,"wcpa_form_fields":null,"_links":{"self":[{"href":"https:\/\/mc3castellani.com\/fr\/wp-json\/wp\/v2\/product\/4589","targetHints":{"allow":["GET"]}}],"collection":[{"href":"https:\/\/mc3castellani.com\/fr\/wp-json\/wp\/v2\/product"}],"about":[{"href":"https:\/\/mc3castellani.com\/fr\/wp-json\/wp\/v2\/types\/product"}],"replies":[{"embeddable":true,"href":"https:\/\/mc3castellani.com\/fr\/wp-json\/wp\/v2\/comments?post=4589"}],"wp:featuredmedia":[{"embeddable":true,"href":"https:\/\/mc3castellani.com\/fr\/wp-json\/wp\/v2\/media\/4587"}],"wp:attachment":[{"href":"https:\/\/mc3castellani.com\/fr\/wp-json\/wp\/v2\/media?parent=4589"}],"wp:term":[{"taxonomy":"product_brand","embeddable":true,"href":"https:\/\/mc3castellani.com\/fr\/wp-json\/wp\/v2\/product_brand?post=4589"},{"taxonomy":"product_cat","embeddable":true,"href":"https:\/\/mc3castellani.com\/fr\/wp-json\/wp\/v2\/product_cat?post=4589"},{"taxonomy":"product_tag","embeddable":true,"href":"https:\/\/mc3castellani.com\/fr\/wp-json\/wp\/v2\/product_tag?post=4589"}],"curies":[{"name":"wp","href":"https:\/\/api.w.org\/{rel}","templated":true}]}}