{"id":4590,"date":"2024-03-26T14:11:00","date_gmt":"2024-03-27T00:11:00","guid":{"rendered":"https:\/\/mc3tahiti.com\/?post_type=product&#038;p=4590"},"modified":"2024-06-26T08:25:04","modified_gmt":"2024-06-26T18:25:04","slug":"hang-loose","status":"publish","type":"product","link":"https:\/\/mc3castellani.com\/fr\/produit\/hang-loose\/","title":{"rendered":"Hang Loose"},"content":{"rendered":"<p>&#8211; D\u00e9coration &#8220;Hang Loose&#8221; avec un design de tissage, pour une ambiance d\u00e9contract\u00e9e et cool, qui vous rappellera la Polyn\u00e9sie et ses habitants !<\/p>\n<p>&#8211; fabrication en contreplaqu\u00e9 Peuplier 3mm<\/p>\n<p>&#8211; Ajoutez une touche de d\u00e9tente et de style \u00e0 votre espace avec cette d\u00e9coration unique et originale.<\/p>\n<p>&#8211; Parfait pour cr\u00e9er une atmosph\u00e8re d\u00e9contract\u00e9e et accueillante dans n&#8217;importe quelle pi\u00e8ce.<\/p>\n<p>Dim: L 56 cm X H 43 cm<\/p>\n<div dir=\"auto\"><\/div>\n<div dir=\"auto\"><em><strong>Produit non exp\u00e9diable.\u00a0<\/strong><\/em><\/div>","protected":false},"excerpt":{"rendered":"<p>D\u00e9coration \u201cHang Loose\u201d avec un design de tissage.<\/p>\n<p>Dimensions : L56xH43 cm<\/p>\n<p><em><strong>Produit non exp\u00e9diable. <\/strong><\/em><\/p>","protected":false},"featured_media":4588,"comment_status":"open","ping_status":"closed","template":"","meta":{"nf_dc_page":"","om_disable_all_campaigns":false,"_monsterinsights_skip_tracking":false,"_monsterinsights_sitenote_active":false,"_monsterinsights_sitenote_note":"","_monsterinsights_sitenote_category":0,"jetpack_publicize_message":"","jetpack_publicize_feature_enabled":true,"jetpack_social_post_already_shared":false,"jetpack_social_options":{"image_generator_settings":{"template":"highway","default_image_id":0,"font":"","enabled":false},"version":2}},"product_brand":[],"product_cat":[160],"product_tag":[],"class_list":{"0":"post-4590","1":"product","2":"type-product","3":"status-publish","4":"has-post-thumbnail","6":"product_cat-decor","8":"first","9":"instock","10":"taxable","11":"shipping-taxable","12":"purchasable","13":"product-type-simple"},"aioseo_notices":[],"jetpack_publicize_connections":[],"jetpack_sharing_enabled":true,"jetpack_likes_enabled":true,"wcpa_form_fields":null,"_links":{"self":[{"href":"https:\/\/mc3castellani.com\/fr\/wp-json\/wp\/v2\/product\/4590","targetHints":{"allow":["GET"]}}],"collection":[{"href":"https:\/\/mc3castellani.com\/fr\/wp-json\/wp\/v2\/product"}],"about":[{"href":"https:\/\/mc3castellani.com\/fr\/wp-json\/wp\/v2\/types\/product"}],"replies":[{"embeddable":true,"href":"https:\/\/mc3castellani.com\/fr\/wp-json\/wp\/v2\/comments?post=4590"}],"wp:featuredmedia":[{"embeddable":true,"href":"https:\/\/mc3castellani.com\/fr\/wp-json\/wp\/v2\/media\/4588"}],"wp:attachment":[{"href":"https:\/\/mc3castellani.com\/fr\/wp-json\/wp\/v2\/media?parent=4590"}],"wp:term":[{"taxonomy":"product_brand","embeddable":true,"href":"https:\/\/mc3castellani.com\/fr\/wp-json\/wp\/v2\/product_brand?post=4590"},{"taxonomy":"product_cat","embeddable":true,"href":"https:\/\/mc3castellani.com\/fr\/wp-json\/wp\/v2\/product_cat?post=4590"},{"taxonomy":"product_tag","embeddable":true,"href":"https:\/\/mc3castellani.com\/fr\/wp-json\/wp\/v2\/product_tag?post=4590"}],"curies":[{"name":"wp","href":"https:\/\/api.w.org\/{rel}","templated":true}]}}