{"id":4889,"date":"2024-05-06T14:54:23","date_gmt":"2024-05-07T00:54:23","guid":{"rendered":"https:\/\/mc3tahiti.com\/?post_type=product&#038;p=4889"},"modified":"2024-06-26T09:21:08","modified_gmt":"2024-06-26T19:21:08","slug":"panneau-pvc-iaorana","status":"publish","type":"product","link":"https:\/\/mc3castellani.com\/fr\/produit\/panneau-pvc-iaorana\/","title":{"rendered":"Panneau en  PVC IAORANA"},"content":{"rendered":"<div dir=\"auto\">\n<div dir=\"auto\">Panneau d\u00e9coratif en PVC de 18mm avec le mot &#8220;iaorana&#8221; et un motif distinctif.<\/div>\n<div dir=\"auto\">&#8211; Mesurant 1m de long, ce panneau apporte une touche polyn\u00e9sienne authentique \u00e0 votre espace.<\/div>\n<div dir=\"auto\">&#8211; Fabriqu\u00e9 avec des mat\u00e9riaux durables pour une d\u00e9coration qui dure dans le temps avec \u00e9l\u00e9gance.<\/div>\n<div dir=\"auto\">&#8211; Dim: 1m diam\u00e8tre<\/div>\n<div dir=\"auto\"><\/div>\n<div dir=\"auto\"><em><strong>Produit non exp\u00e9diable.\u00a0<\/strong><\/em><\/div>\n<\/div>","protected":false},"excerpt":{"rendered":"<div dir=\"auto\">Panneau d\u00e9coratif en PVC.<\/div>\n<div dir=\"auto\">\u2013 Dim: 1m diam\u00e8tre<\/div>\n<div dir=\"auto\"><\/div>\n<div dir=\"auto\"><em><strong>Produit non exp\u00e9diable. <\/strong><\/em><\/div>","protected":false},"featured_media":4890,"comment_status":"open","ping_status":"closed","template":"","meta":{"nf_dc_page":"","om_disable_all_campaigns":false,"_monsterinsights_skip_tracking":false,"_monsterinsights_sitenote_active":false,"_monsterinsights_sitenote_note":"","_monsterinsights_sitenote_category":0,"jetpack_publicize_message":"","jetpack_publicize_feature_enabled":true,"jetpack_social_post_already_shared":false,"jetpack_social_options":{"image_generator_settings":{"template":"highway","default_image_id":0,"font":"","enabled":false},"version":2}},"product_brand":[],"product_cat":[160],"product_tag":[],"class_list":{"0":"post-4889","1":"product","2":"type-product","3":"status-publish","4":"has-post-thumbnail","6":"product_cat-decor","8":"first","9":"instock","10":"taxable","11":"shipping-taxable","12":"purchasable","13":"product-type-simple"},"aioseo_notices":[],"jetpack_publicize_connections":[],"jetpack_sharing_enabled":true,"jetpack_likes_enabled":true,"wcpa_form_fields":null,"_links":{"self":[{"href":"https:\/\/mc3castellani.com\/fr\/wp-json\/wp\/v2\/product\/4889","targetHints":{"allow":["GET"]}}],"collection":[{"href":"https:\/\/mc3castellani.com\/fr\/wp-json\/wp\/v2\/product"}],"about":[{"href":"https:\/\/mc3castellani.com\/fr\/wp-json\/wp\/v2\/types\/product"}],"replies":[{"embeddable":true,"href":"https:\/\/mc3castellani.com\/fr\/wp-json\/wp\/v2\/comments?post=4889"}],"wp:featuredmedia":[{"embeddable":true,"href":"https:\/\/mc3castellani.com\/fr\/wp-json\/wp\/v2\/media\/4890"}],"wp:attachment":[{"href":"https:\/\/mc3castellani.com\/fr\/wp-json\/wp\/v2\/media?parent=4889"}],"wp:term":[{"taxonomy":"product_brand","embeddable":true,"href":"https:\/\/mc3castellani.com\/fr\/wp-json\/wp\/v2\/product_brand?post=4889"},{"taxonomy":"product_cat","embeddable":true,"href":"https:\/\/mc3castellani.com\/fr\/wp-json\/wp\/v2\/product_cat?post=4889"},{"taxonomy":"product_tag","embeddable":true,"href":"https:\/\/mc3castellani.com\/fr\/wp-json\/wp\/v2\/product_tag?post=4889"}],"curies":[{"name":"wp","href":"https:\/\/api.w.org\/{rel}","templated":true}]}}