{"id":4903,"date":"2024-05-06T15:24:18","date_gmt":"2024-05-07T01:24:18","guid":{"rendered":"https:\/\/mc3tahiti.com\/?post_type=product&#038;p=4903"},"modified":"2024-06-26T10:25:30","modified_gmt":"2024-06-26T20:25:30","slug":"support-qr-code","status":"publish","type":"product","link":"https:\/\/mc3castellani.com\/fr\/produit\/support-qr-code\/","title":{"rendered":"Support QR Code"},"content":{"rendered":"<div dir=\"auto\">&#8211; Support en bois pour QR code personnalis\u00e9, id\u00e9al pour les entreprises souhaitant partager des informations facilement.<\/div>\n<div dir=\"auto\">&#8211; Fabriqu\u00e9 en bois de qualit\u00e9, ce support offre une pr\u00e9sentation \u00e9l\u00e9gante pour tous vos QR codes!<\/div>\n<div dir=\"auto\">&#8211; Ajoutez une touche professionnelle \u00e0 votre espace de travail ou \u00e0 vos \u00e9v\u00e9nements avec ce support en bois personnalisable.<\/p>\n<p>dimension : 7cm<\/p>\n<\/div>","protected":false},"excerpt":{"rendered":"<div dir=\"auto\"> Support en bois pour QR code personnalisable<\/p>\n<p>Dimensions : 7cm<\/p><\/div>","protected":false},"featured_media":4933,"comment_status":"open","ping_status":"closed","template":"","meta":{"nf_dc_page":"","om_disable_all_campaigns":false,"_monsterinsights_skip_tracking":false,"_monsterinsights_sitenote_active":false,"_monsterinsights_sitenote_note":"","_monsterinsights_sitenote_category":0,"jetpack_publicize_message":"","jetpack_publicize_feature_enabled":true,"jetpack_social_post_already_shared":false,"jetpack_social_options":{"image_generator_settings":{"template":"highway","default_image_id":0,"font":"","enabled":false},"version":2}},"product_brand":[],"product_cat":[171],"product_tag":[],"class_list":{"0":"post-4903","1":"product","2":"type-product","3":"status-publish","4":"has-post-thumbnail","6":"product_cat-business","8":"first","9":"instock","10":"taxable","11":"shipping-taxable","12":"purchasable","13":"product-type-simple"},"aioseo_notices":[],"jetpack_publicize_connections":[],"jetpack_sharing_enabled":true,"jetpack_likes_enabled":true,"wcpa_form_fields":null,"_links":{"self":[{"href":"https:\/\/mc3castellani.com\/fr\/wp-json\/wp\/v2\/product\/4903","targetHints":{"allow":["GET"]}}],"collection":[{"href":"https:\/\/mc3castellani.com\/fr\/wp-json\/wp\/v2\/product"}],"about":[{"href":"https:\/\/mc3castellani.com\/fr\/wp-json\/wp\/v2\/types\/product"}],"replies":[{"embeddable":true,"href":"https:\/\/mc3castellani.com\/fr\/wp-json\/wp\/v2\/comments?post=4903"}],"wp:featuredmedia":[{"embeddable":true,"href":"https:\/\/mc3castellani.com\/fr\/wp-json\/wp\/v2\/media\/4933"}],"wp:attachment":[{"href":"https:\/\/mc3castellani.com\/fr\/wp-json\/wp\/v2\/media?parent=4903"}],"wp:term":[{"taxonomy":"product_brand","embeddable":true,"href":"https:\/\/mc3castellani.com\/fr\/wp-json\/wp\/v2\/product_brand?post=4903"},{"taxonomy":"product_cat","embeddable":true,"href":"https:\/\/mc3castellani.com\/fr\/wp-json\/wp\/v2\/product_cat?post=4903"},{"taxonomy":"product_tag","embeddable":true,"href":"https:\/\/mc3castellani.com\/fr\/wp-json\/wp\/v2\/product_tag?post=4903"}],"curies":[{"name":"wp","href":"https:\/\/api.w.org\/{rel}","templated":true}]}}