{"id":5083,"date":"2024-08-07T09:43:36","date_gmt":"2024-08-07T19:43:36","guid":{"rendered":"https:\/\/mc3castellani.com\/?post_type=product&#038;p=5083"},"modified":"2024-08-07T09:45:31","modified_gmt":"2024-08-07T19:45:31","slug":"boucles-doreilles-moo","status":"publish","type":"product","link":"https:\/\/mc3castellani.com\/fr\/produit\/boucles-doreilles-moo\/","title":{"rendered":"Boucles d&#8217;oreilles Mo&#8217;o"},"content":{"rendered":"<div dir=\"auto\">-Boucles d&#8217;oreilles en bois massif avec incrustations de motifs polyn\u00e9siens, r\u00e9alis\u00e9es en Corian recycl\u00e9.<\/div>\n<div dir=\"auto\">&#8211; Allie l&#8217;\u00e9l\u00e9gance du bois massif \u00e0 l&#8217;authenticit\u00e9 des motifs polyn\u00e9siens, pour un style unique.<\/div>\n<div dir=\"auto\">&#8211; Fabriqu\u00e9es avec soin et souci de durabilit\u00e9, ces boucles d&#8217;oreilles sont \u00e0 la fois \u00e9cologiques et esth\u00e9tiques.<\/div>\n<div dir=\"auto\">Dimensions variables selon les designs propos\u00e9s.<\/div>","protected":false},"excerpt":{"rendered":"<div dir=\"auto\">-Boucles d\u2019oreilles en bois massif avec incrustations de motifs polyn\u00e9siens, r\u00e9alis\u00e9es en Corian recycl\u00e9.<\/div>","protected":false},"featured_media":4869,"comment_status":"open","ping_status":"closed","template":"","meta":{"nf_dc_page":"","om_disable_all_campaigns":false,"_monsterinsights_skip_tracking":false,"_monsterinsights_sitenote_active":false,"_monsterinsights_sitenote_note":"","_monsterinsights_sitenote_category":0,"jetpack_publicize_message":"","jetpack_publicize_feature_enabled":true,"jetpack_social_post_already_shared":false,"jetpack_social_options":{"image_generator_settings":{"template":"highway","default_image_id":0,"font":"","enabled":false},"version":2}},"product_brand":[],"product_cat":[168,172],"product_tag":[],"class_list":{"0":"post-5083","1":"product","2":"type-product","3":"status-publish","4":"has-post-thumbnail","6":"product_cat-gifts-for-her","7":"product_cat-jewelry","9":"first","10":"instock","11":"taxable","12":"shipping-taxable","13":"purchasable","14":"product-type-simple"},"aioseo_notices":[],"jetpack_publicize_connections":[],"jetpack_sharing_enabled":true,"jetpack_likes_enabled":true,"wcpa_form_fields":null,"_links":{"self":[{"href":"https:\/\/mc3castellani.com\/fr\/wp-json\/wp\/v2\/product\/5083","targetHints":{"allow":["GET"]}}],"collection":[{"href":"https:\/\/mc3castellani.com\/fr\/wp-json\/wp\/v2\/product"}],"about":[{"href":"https:\/\/mc3castellani.com\/fr\/wp-json\/wp\/v2\/types\/product"}],"replies":[{"embeddable":true,"href":"https:\/\/mc3castellani.com\/fr\/wp-json\/wp\/v2\/comments?post=5083"}],"wp:featuredmedia":[{"embeddable":true,"href":"https:\/\/mc3castellani.com\/fr\/wp-json\/wp\/v2\/media\/4869"}],"wp:attachment":[{"href":"https:\/\/mc3castellani.com\/fr\/wp-json\/wp\/v2\/media?parent=5083"}],"wp:term":[{"taxonomy":"product_brand","embeddable":true,"href":"https:\/\/mc3castellani.com\/fr\/wp-json\/wp\/v2\/product_brand?post=5083"},{"taxonomy":"product_cat","embeddable":true,"href":"https:\/\/mc3castellani.com\/fr\/wp-json\/wp\/v2\/product_cat?post=5083"},{"taxonomy":"product_tag","embeddable":true,"href":"https:\/\/mc3castellani.com\/fr\/wp-json\/wp\/v2\/product_tag?post=5083"}],"curies":[{"name":"wp","href":"https:\/\/api.w.org\/{rel}","templated":true}]}}