{"id":5172,"date":"2024-10-30T18:33:38","date_gmt":"2024-10-31T04:33:38","guid":{"rendered":"https:\/\/mc3castellani.com\/?post_type=product&#038;p=5172"},"modified":"2025-12-08T05:45:01","modified_gmt":"2025-12-08T15:45:01","slug":"pack-tifaifai","status":"publish","type":"product","link":"https:\/\/mc3castellani.com\/fr\/produit\/pack-tifaifai\/","title":{"rendered":"Pack Tifaifai"},"content":{"rendered":"<p>Le pack Tifaifai contient les ornements suivants :<\/p>\n<p>\u2022Ape<\/p>\n<p>\u2022Painapo<\/p>\n<p>\u2022Apetahi<\/p>\n<p>\u2022Uru<\/p>\n<p>\u2022Tiare<\/p>","protected":false},"excerpt":{"rendered":"<p>Ornement en bois de Kaori 3mm et fond peint avec des couleurs douce et apaisantes . Chaque ornement est une c\u00e9l\u00e9bration des \u00e9l\u00e9ments naturels, avec un design tifaifai qui rappellent la flore de notre Polyn\u00e9sie et l\u2019art traditionnel des \u00eeles.<\/p>\n<p>Le pack Tifaifai contient les ornements suivants :<\/p>\n<p>\u2022Ape<\/p>\n<p>\u2022Painapo<\/p>\n<p>\u2022Apetahi<\/p>\n<p>\u2022Uru<\/p>\n<p>\u2022Tiare<\/p>","protected":false},"featured_media":5173,"comment_status":"open","ping_status":"closed","template":"","meta":{"nf_dc_page":"","om_disable_all_campaigns":false,"_monsterinsights_skip_tracking":false,"_monsterinsights_sitenote_active":false,"_monsterinsights_sitenote_note":"","_monsterinsights_sitenote_category":0,"jetpack_publicize_message":"","jetpack_publicize_feature_enabled":true,"jetpack_social_post_already_shared":false,"jetpack_social_options":{"image_generator_settings":{"template":"highway","default_image_id":0,"font":"","enabled":false},"version":2}},"product_brand":[],"product_cat":[151],"product_tag":[],"class_list":{"0":"post-5172","1":"product","2":"type-product","3":"status-publish","4":"has-post-thumbnail","6":"product_cat-christmas-ornaments","8":"first","9":"outofstock","10":"sale","11":"taxable","12":"shipping-taxable","13":"purchasable","14":"product-type-simple"},"aioseo_notices":[],"jetpack_publicize_connections":[],"jetpack_sharing_enabled":true,"jetpack_likes_enabled":true,"wcpa_form_fields":null,"_links":{"self":[{"href":"https:\/\/mc3castellani.com\/fr\/wp-json\/wp\/v2\/product\/5172","targetHints":{"allow":["GET"]}}],"collection":[{"href":"https:\/\/mc3castellani.com\/fr\/wp-json\/wp\/v2\/product"}],"about":[{"href":"https:\/\/mc3castellani.com\/fr\/wp-json\/wp\/v2\/types\/product"}],"replies":[{"embeddable":true,"href":"https:\/\/mc3castellani.com\/fr\/wp-json\/wp\/v2\/comments?post=5172"}],"wp:featuredmedia":[{"embeddable":true,"href":"https:\/\/mc3castellani.com\/fr\/wp-json\/wp\/v2\/media\/5173"}],"wp:attachment":[{"href":"https:\/\/mc3castellani.com\/fr\/wp-json\/wp\/v2\/media?parent=5172"}],"wp:term":[{"taxonomy":"product_brand","embeddable":true,"href":"https:\/\/mc3castellani.com\/fr\/wp-json\/wp\/v2\/product_brand?post=5172"},{"taxonomy":"product_cat","embeddable":true,"href":"https:\/\/mc3castellani.com\/fr\/wp-json\/wp\/v2\/product_cat?post=5172"},{"taxonomy":"product_tag","embeddable":true,"href":"https:\/\/mc3castellani.com\/fr\/wp-json\/wp\/v2\/product_tag?post=5172"}],"curies":[{"name":"wp","href":"https:\/\/api.w.org\/{rel}","templated":true}]}}