{"id":5401,"date":"2025-09-02T15:21:54","date_gmt":"2025-09-03T01:21:54","guid":{"rendered":"https:\/\/mc3castellani.com\/?post_type=product&#038;p=5401"},"modified":"2025-09-02T15:29:26","modified_gmt":"2025-09-03T01:29:26","slug":"planches-a-decouper-steak","status":"publish","type":"product","link":"https:\/\/mc3castellani.com\/fr\/produit\/planches-a-decouper-steak\/","title":{"rendered":"Planches \u00e0 d\u00e9couper &#8211; STEAK"},"content":{"rendered":"<p data-start=\"160\" data-end=\"393\">Con\u00e7ue pour les amateurs de viande, cette planche \u00e0 d\u00e9couper allie praticit\u00e9 et \u00e9l\u00e9gance. Fabriqu\u00e9e en bois massif, elle est orn\u00e9e d\u2019une gravure inspir\u00e9e des tatouages polyn\u00e9siens, apportant une touche d\u2019authenticit\u00e9 \u00e0 votre table.<\/p>\n<p data-start=\"395\" data-end=\"636\">Sa particularit\u00e9 : un r\u00e9servoir int\u00e9gr\u00e9 pour recueillir le jus de viande, \u00e9vitant ainsi les d\u00e9bordements et gardant votre plan de travail propre. Id\u00e9ale pour la d\u00e9coupe et le service des steaks, c\u00f4telettes ou pi\u00e8ces de viande grill\u00e9es.<\/p>\n<p data-start=\"638\" data-end=\"701\">Un indispensable pour vos repas conviviaux et vos barbecues !<\/p>\n<p data-start=\"638\" data-end=\"701\">\n<p data-start=\"638\" data-end=\"701\">Dim: 30 x 20cm<\/p>","protected":false},"excerpt":{"rendered":"<p data-start=\"160\" data-end=\"393\">Con\u00e7ue pour les amateurs de viande, cette planche \u00e0 d\u00e9couper allie praticit\u00e9 et \u00e9l\u00e9gance. Fabriqu\u00e9e en bois massif, elle est orn\u00e9e d\u2019une gravure inspir\u00e9e des tatouages polyn\u00e9siens, apportant une touche d\u2019authenticit\u00e9 \u00e0 votre table.<\/p>\n<p data-start=\"395\" data-end=\"636\">Sa particularit\u00e9 : un r\u00e9servoir int\u00e9gr\u00e9 pour recueillir le jus de viande, \u00e9vitant ainsi les d\u00e9bordements et gardant votre plan de travail propre. Id\u00e9ale pour la d\u00e9coupe et le service des steaks, c\u00f4telettes ou pi\u00e8ces de viande grill\u00e9es.<\/p>\n<p data-start=\"638\" data-end=\"701\">Un indispensable pour vos repas conviviaux et vos barbecues !<\/p>\n<p data-start=\"638\" data-end=\"701\">\n<p data-start=\"638\" data-end=\"701\">Dim: 30 x 20cm<\/p>","protected":false},"featured_media":4333,"comment_status":"open","ping_status":"closed","template":"","meta":{"nf_dc_page":"","om_disable_all_campaigns":false,"_monsterinsights_skip_tracking":false,"_monsterinsights_sitenote_active":false,"_monsterinsights_sitenote_note":"","_monsterinsights_sitenote_category":0,"jetpack_publicize_message":"","jetpack_publicize_feature_enabled":true,"jetpack_social_post_already_shared":true,"jetpack_social_options":{"image_generator_settings":{"template":"highway","default_image_id":0,"font":"","enabled":false},"version":2}},"product_brand":[],"product_cat":[160,159,168,170],"product_tag":[],"class_list":{"0":"post-5401","1":"product","2":"type-product","3":"status-publish","4":"has-post-thumbnail","6":"product_cat-decor","7":"product_cat-gifts","8":"product_cat-gifts-for-her","9":"product_cat-gifts-for-him","10":"wcpa_has_options","12":"first","13":"instock","14":"taxable","15":"shipping-taxable","16":"purchasable","17":"product-type-simple"},"aioseo_notices":[],"jetpack_publicize_connections":[],"jetpack_sharing_enabled":true,"jetpack_likes_enabled":true,"wcpa_form_fields":{"wcpaData":{"product":{"product_price":10000,"price_html":"<span class=\"woocommerce-Price-amount amount\"><bdi><span class=\"woocommerce-Price-currencySymbol\">&#x46;&#x72;<\/span>10,000<\/bdi><\/span> <small class=\"woocommerce-price-suffix\">inc. T.V.A 16%<\/small>","original_product_price":10000,"price_including_tax":10000,"price_excluding_tax":8620.689655000000129803083837032318115234375,"product_id":{"parent":5401,"variation":false},"is_variable":false,"stock_status":"instock","stock_quantity":null,"parent_sku":"","product_attributes":[],"custom_fields":[],"is_taxable":true,"product_name":"Planches \u00e0 d\u00e9couper - STEAK"},"fields":{"sec_76517dc30a4a45":{"extra":{"key":"sec_76517dc30a4a45","section_id":"sec_76517dc30a4a45","name":"Default","status":1,"toggle":true,"form_id":3941,"form_rules":{"exclude_from_discount":false,"fee_label":"Fee","disp_hide_options_price":false,"disp_show_section_price":false,"disp_show_field_price":true,"layout_option":"standard","pric_use_as_fee":false,"process_fee_as":"woo_fee"},"layout_option":"standard"},"fields":[[{"active":true,"col":6,"relations":[{"operator":false,"rules":[{"operator":false,"rules":{"cl_field":"","cl_relation":"","cl_val":""}}]}],"cl_rule":"show","enableCl":false,"price":"2000","enablePrice":false,"className":"","label_position":"default","desc_position":"default","type":"checkbox","required":false,"elementId":"checkbox_7706736825","label":"Customisation","name":"checkbox_7706736825","value":"","check_value":"Yes","checkUi":"","error":false,"use_as_fee":true,"pricingType":"fixed","gt_translate_keys":["label","value","check_value"],"price_dependency":false,"cl_dependency":["textarea_3520201447"]}],[{"active":true,"col":6,"relations":[{"operator":false,"rules":[{"operator":"AND","rules":{"cl_field":"checkbox_7706736825","cl_relation":"is","cl_val":false}}]}],"cl_rule":"hide","enableCl":true,"price":"2000","enablePrice":false,"className":"","label_position":"default","desc_position":"default","type":"textarea","required":false,"elementId":"textarea_3520201447","label":"Enter a name or message","name":"textarea_3520201447","value":"","rows":2,"error":false,"pricingType":"fixed","use_as_fee":true,"gt_translate_keys":["label","value"],"price_dependency":false,"cl_dependency":false}]]}},"config":{"price_override":"","enable_recaptcha":false,"bind_quantity":false,"quantity_bind_formula":false,"disp_summ_show_option_price":true,"disp_summ_show_product_price":true,"disp_summ_show_total_price":true,"disp_summ_show_fee":false,"disp_summ_show_discount":false,"summary_title":"","options_total_label":"Options Price","total_label":"Total","options_product_label":"Product Price","fee_label":"Fee","discount_label":"Discount","has_price":true,"has_quantity_formula":false},"mc_unit":1,"tax_rate":1,"tax_rate_real":0.1600000000000000033306690738754696212708950042724609375,"discount":{"percentage":0,"fixed":0},"design":{"conf":{"LabelPosition":"above","DescPosition":"above","UploadField":"custom_1","QuantityFieldStyle":"default"},"css":{"LeftLabelWidth":"120px"}},"formulas":[],"clones":false,"cartKey":false}},"_links":{"self":[{"href":"https:\/\/mc3castellani.com\/fr\/wp-json\/wp\/v2\/product\/5401","targetHints":{"allow":["GET"]}}],"collection":[{"href":"https:\/\/mc3castellani.com\/fr\/wp-json\/wp\/v2\/product"}],"about":[{"href":"https:\/\/mc3castellani.com\/fr\/wp-json\/wp\/v2\/types\/product"}],"replies":[{"embeddable":true,"href":"https:\/\/mc3castellani.com\/fr\/wp-json\/wp\/v2\/comments?post=5401"}],"wp:featuredmedia":[{"embeddable":true,"href":"https:\/\/mc3castellani.com\/fr\/wp-json\/wp\/v2\/media\/4333"}],"wp:attachment":[{"href":"https:\/\/mc3castellani.com\/fr\/wp-json\/wp\/v2\/media?parent=5401"}],"wp:term":[{"taxonomy":"product_brand","embeddable":true,"href":"https:\/\/mc3castellani.com\/fr\/wp-json\/wp\/v2\/product_brand?post=5401"},{"taxonomy":"product_cat","embeddable":true,"href":"https:\/\/mc3castellani.com\/fr\/wp-json\/wp\/v2\/product_cat?post=5401"},{"taxonomy":"product_tag","embeddable":true,"href":"https:\/\/mc3castellani.com\/fr\/wp-json\/wp\/v2\/product_tag?post=5401"}],"curies":[{"name":"wp","href":"https:\/\/api.w.org\/{rel}","templated":true}]}}