{"id":5432,"date":"2025-09-22T16:09:06","date_gmt":"2025-09-23T02:09:06","guid":{"rendered":"https:\/\/mc3castellani.com\/?post_type=product&#038;p=5432"},"modified":"2025-12-11T10:11:45","modified_gmt":"2025-12-11T20:11:45","slug":"ornement-a-suspendre-dauphin","status":"publish","type":"product","link":"https:\/\/mc3castellani.com\/fr\/produit\/ornement-a-suspendre-dauphin\/","title":{"rendered":"Ornement \u00e0 suspendre &#8220;Dauphin&#8221;"},"content":{"rendered":"<p>&nbsp;<\/p>\n<p>-Offrez la magie de l\u2019oc\u00e9an pour les f\u00eates ! Notre collection UNDER THE SEA r\u00e9unit la baleine, la pieuvre, le dauphin, la raie et la tortue sur le sapin. Chaque pi\u00e8ce, d\u00e9coup\u00e9e au laser avec de d\u00e9licats motifs tribaux, est disponible en bois clair ou fonc\u00e9. Avec ses dimensions d\u2019environ 10 cm<\/p>\n<p>&#8211; D\u00e9corations uniques, con\u00e7ues et fabriqu\u00e9es \u00e0 Tahiti. Chaque d\u00e9coration arbore des motifs polyn\u00e9siens, ajoutant une touche de charme tropical \u00e0 vos festivit\u00e9s.<\/p>\n<p>&#8211; Explorez notre collection et impr\u00e9gnez vos c\u00e9l\u00e9brations de l&#8217;esprit de Tahiti et ses \u00eeles!<\/p>\n<p>Dimensions : L10cm<\/p>","protected":false},"excerpt":{"rendered":"<p>-Offrez la magie de l\u2019oc\u00e9an pour les f\u00eates ! Notre collection UNDER THE SEA r\u00e9unit la baleine, la pieuvre, le dauphin, la raie et la tortue sur le sapin. Chaque pi\u00e8ce, d\u00e9coup\u00e9e au laser avec de d\u00e9licats motifs tribaux, est disponible en bois clair ou fonc\u00e9. Avec ses dimensions d\u2019environ 10 cm<\/p>\n<p>&#8211; D\u00e9corations uniques, con\u00e7ues et fabriqu\u00e9es \u00e0 Tahiti. Chaque d\u00e9coration arbore des motifs polyn\u00e9siens, ajoutant une touche de charme tropical \u00e0 vos festivit\u00e9s.<\/p>\n<p>&#8211; Explorez notre collection et impr\u00e9gnez vos c\u00e9l\u00e9brations de l&#8217;esprit de Tahiti et ses \u00eeles!<\/p>\n<p>Dimensions : L10cm<\/p>","protected":false},"featured_media":5423,"comment_status":"open","ping_status":"closed","template":"","meta":{"nf_dc_page":"","om_disable_all_campaigns":false,"_monsterinsights_skip_tracking":false,"_monsterinsights_sitenote_active":false,"_monsterinsights_sitenote_note":"","_monsterinsights_sitenote_category":0,"jetpack_publicize_message":"","jetpack_publicize_feature_enabled":true,"jetpack_social_post_already_shared":true,"jetpack_social_options":{"image_generator_settings":{"template":"highway","default_image_id":0,"font":"","enabled":false},"version":2}},"product_brand":[],"product_cat":[151],"product_tag":[149,152,150],"class_list":{"0":"post-5432","1":"product","2":"type-product","3":"status-publish","4":"has-post-thumbnail","6":"product_cat-christmas-ornaments","7":"product_tag-christmas","8":"product_tag-noel","9":"product_tag-ornaments","11":"first","12":"instock","13":"taxable","14":"shipping-taxable","15":"purchasable","16":"product-type-variable","17":"has-default-attributes"},"aioseo_notices":[],"jetpack_publicize_connections":[],"jetpack_sharing_enabled":true,"jetpack_likes_enabled":true,"wcpa_form_fields":null,"_links":{"self":[{"href":"https:\/\/mc3castellani.com\/fr\/wp-json\/wp\/v2\/product\/5432","targetHints":{"allow":["GET"]}}],"collection":[{"href":"https:\/\/mc3castellani.com\/fr\/wp-json\/wp\/v2\/product"}],"about":[{"href":"https:\/\/mc3castellani.com\/fr\/wp-json\/wp\/v2\/types\/product"}],"replies":[{"embeddable":true,"href":"https:\/\/mc3castellani.com\/fr\/wp-json\/wp\/v2\/comments?post=5432"}],"wp:featuredmedia":[{"embeddable":true,"href":"https:\/\/mc3castellani.com\/fr\/wp-json\/wp\/v2\/media\/5423"}],"wp:attachment":[{"href":"https:\/\/mc3castellani.com\/fr\/wp-json\/wp\/v2\/media?parent=5432"}],"wp:term":[{"taxonomy":"product_brand","embeddable":true,"href":"https:\/\/mc3castellani.com\/fr\/wp-json\/wp\/v2\/product_brand?post=5432"},{"taxonomy":"product_cat","embeddable":true,"href":"https:\/\/mc3castellani.com\/fr\/wp-json\/wp\/v2\/product_cat?post=5432"},{"taxonomy":"product_tag","embeddable":true,"href":"https:\/\/mc3castellani.com\/fr\/wp-json\/wp\/v2\/product_tag?post=5432"}],"curies":[{"name":"wp","href":"https:\/\/api.w.org\/{rel}","templated":true}]}}